{"id":12,"date":"2019-05-28T16:17:05","date_gmt":"2019-05-28T19:17:05","guid":{"rendered":"http:\/\/www.leones-sa.com\/?page_id=12"},"modified":"2019-08-30T15:42:16","modified_gmt":"2019-08-30T18:42:16","slug":"molino","status":"publish","type":"page","link":"http:\/\/www.leones-sa.com\/index.php\/molino\/","title":{"rendered":"Molino"},"content":{"rendered":"\t\t<div data-elementor-type=\"wp-post\" data-elementor-id=\"12\" class=\"elementor elementor-12\">\n\t\t\t\t\t\t<section class=\"elementor-section elementor-top-section elementor-element elementor-element-c03eccb elementor-section-boxed elementor-section-height-default elementor-section-height-default\" data-id=\"c03eccb\" data-element_type=\"section\" data-e-type=\"section\">\n\t\t\t\t\t\t<div class=\"elementor-container elementor-column-gap-default\">\n\t\t\t\t\t<div class=\"elementor-column elementor-col-100 elementor-top-column elementor-element elementor-element-92dec96\" data-id=\"92dec96\" data-element_type=\"column\" data-e-type=\"column\">\n\t\t\t<div class=\"elementor-widget-wrap elementor-element-populated\">\n\t\t\t\t\t\t<div class=\"elementor-element elementor-element-e46ef78 elementor-widget elementor-widget-text-editor\" data-id=\"e46ef78\" data-element_type=\"widget\" data-e-type=\"widget\" data-widget_type=\"text-editor.default\">\n\t\t\t\t<div class=\"elementor-widget-container\">\n\t\t\t\t\t\t\t\t\t<p>Nuestro molino, instalado desde 1995 nos permite contar, mediante la utilizaci\u00f3n de equipos de moliner\u00eda de \u00faltima generaci\u00f3n en los procesos de molienda seca de ma\u00edz con degerminaci\u00f3n semih\u00fameda, con una capacidad de procesamiento de 100 toneladas por d\u00eda.<\/p><p>Durante todo el proceso respetamos los m\u00e1s estrictos est\u00e1ndares de calidad, garantizando los productos obtenidos.<\/p><p>El molino cuenta con certificaciones de productos Kosher y productos permitidos para Cel\u00edacos.<\/p><p>Somos proveedores de importantes industrias en el mercado nacional y actores permanentes en el mercado internacional.<\/p>\t\t\t\t\t\t\t\t<\/div>\n\t\t\t\t<\/div>\n\t\t\t\t<div class=\"elementor-element elementor-element-ec706f7 elementor-widget elementor-widget-text-editor\" data-id=\"ec706f7\" data-element_type=\"widget\" data-e-type=\"widget\" data-widget_type=\"text-editor.default\">\n\t\t\t\t<div class=\"elementor-widget-container\">\n\t\t\t\t\t\t\t\t\t<h2 style=\"text-align: center;\"><span style=\"color: #96040b;\">PRODUCTOS<\/span><\/h2>\n\t\t\t\t\t\t\t\t<\/div>\n\t\t\t\t<\/div>\n\t\t\t\t\t<\/div>\n\t\t<\/div>\n\t\t\t\t\t<\/div>\n\t\t<\/section>\n\t\t\t\t<section class=\"elementor-section elementor-top-section elementor-element elementor-element-ce310e0 elementor-section-boxed elementor-section-height-default elementor-section-height-default\" data-id=\"ce310e0\" data-element_type=\"section\" data-e-type=\"section\">\n\t\t\t\t\t\t<div class=\"elementor-container elementor-column-gap-default\">\n\t\t\t\t\t<div class=\"elementor-column elementor-col-66 elementor-top-column elementor-element elementor-element-33aac0d\" data-id=\"33aac0d\" data-element_type=\"column\" data-e-type=\"column\">\n\t\t\t<div class=\"elementor-widget-wrap elementor-element-populated\">\n\t\t\t\t\t\t<div class=\"elementor-element elementor-element-b88b1a8 elementor-widget elementor-widget-text-editor\" data-id=\"b88b1a8\" data-element_type=\"widget\" data-e-type=\"widget\" data-widget_type=\"text-editor.default\">\n\t\t\t\t<div class=\"elementor-widget-container\">\n\t\t\t\t\t\t\t\t\t<h4 class=\"widget-title\"><span style=\"color: #96040b;\">Trozos de endosperma:<\/span><\/h4>\nSon trozos de endosperma pelados y degerminados. Su denominaci\u00f3n y usos frecuentes son: Hominy Grits: utilizados en la elaboraci\u00f3n de copos (Corn Flakes) y cereales para desayuno.\n\n<hr \/>\n\t\t\t\t\t\t\t\t<\/div>\n\t\t\t\t<\/div>\n\t\t\t\t<div class=\"elementor-element elementor-element-bf9af26 elementor-widget elementor-widget-text-editor\" data-id=\"bf9af26\" data-element_type=\"widget\" data-e-type=\"widget\" data-widget_type=\"text-editor.default\">\n\t\t\t\t<div class=\"elementor-widget-container\">\n\t\t\t\t\t\t\t\t\t<h4 class=\"widget-title\"><span style=\"color: #96040b;\">S\u00e9molas:<\/span><\/h4>\nSon productos obtenidos por medio de la refinaci\u00f3n de los trozos de endosperma, y seg\u00fan su calibraci\u00f3n (granulometr\u00eda) y contenido de materia grasa, pueden obtenerse los siguientes productos:\n<ul>\n \t<li>S\u00e9molas para cervecer\u00eda.<\/li>\n \t<li>S\u00e9molas para expandidos.<\/li>\n \t<li>S\u00e9molas para elaboraci\u00f3n de comidas.<\/li>\n \t<li>S\u00e9molas enriquecidas.<\/li>\n<\/ul>\n\n<hr \/>\t\t\t\t\t\t\t\t<\/div>\n\t\t\t\t<\/div>\n\t\t\t\t<div class=\"elementor-element elementor-element-83d7630 elementor-widget elementor-widget-text-editor\" data-id=\"83d7630\" data-element_type=\"widget\" data-e-type=\"widget\" data-widget_type=\"text-editor.default\">\n\t\t\t\t<div class=\"elementor-widget-container\">\n\t\t\t\t\t\t\t\t\t<h4 class=\"widget-title\"><span style=\"color: #96040b;\">Harinas:<\/span><\/h4>\nSon productos obtenidos por medio de la refinaci\u00f3n de los trozos de endosperma, y seg\u00fan su calibraci\u00f3n (granulometr\u00eda menor a los 400 micrones) pueden obtenerse los siguientes productos:\n<ul>\n \t<li>Harina fina de ma\u00edz.<\/li>\n \t<li>Harina para galletiter\u00eda.<\/li>\n \t<li>Harina para infantes.<\/li>\n \t<li>Harina para pastas.<\/li>\n \t<li>Harina para embutidos.<\/li>\n \t<li>Harinas diet\u00e9ticas.<\/li>\n<\/ul>\t\t\t\t\t\t\t\t<\/div>\n\t\t\t\t<\/div>\n\t\t\t\t\t<\/div>\n\t\t<\/div>\n\t\t\t\t<div class=\"elementor-column elementor-col-33 elementor-top-column elementor-element elementor-element-8424df7\" data-id=\"8424df7\" data-element_type=\"column\" data-e-type=\"column\">\n\t\t\t<div class=\"elementor-widget-wrap elementor-element-populated\">\n\t\t\t\t\t\t<div class=\"elementor-element elementor-element-3cf9947 elementor-widget elementor-widget-image\" data-id=\"3cf9947\" data-element_type=\"widget\" data-e-type=\"widget\" data-widget_type=\"image.default\">\n\t\t\t\t<div class=\"elementor-widget-container\">\n\t\t\t\t\t\t\t\t\t\t\t\t\t\t\t\t<a href=\"http:\/\/www.leones-sa.com\/wp-content\/uploads\/2019\/08\/molino-01.jpg\" data-elementor-open-lightbox=\"yes\" data-elementor-lightbox-title=\"molino-01\" data-e-action-hash=\"#elementor-action%3Aaction%3Dlightbox%26settings%3DeyJpZCI6NTI4LCJ1cmwiOiJodHRwOlwvXC93d3cubGVvbmVzLXNhLmNvbVwvd3AtY29udGVudFwvdXBsb2Fkc1wvMjAxOVwvMDhcL21vbGluby0wMS5qcGcifQ%3D%3D\">\n\t\t\t\t\t\t\t<img fetchpriority=\"high\" decoding=\"async\" width=\"600\" height=\"400\" src=\"http:\/\/www.leones-sa.com\/wp-content\/uploads\/2019\/08\/molino-01.jpg\" class=\"attachment-full size-full wp-image-528\" alt=\"\" srcset=\"http:\/\/www.leones-sa.com\/wp-content\/uploads\/2019\/08\/molino-01.jpg 600w, http:\/\/www.leones-sa.com\/wp-content\/uploads\/2019\/08\/molino-01-300x200.jpg 300w\" sizes=\"(max-width: 600px) 100vw, 600px\" \/>\t\t\t\t\t\t\t\t<\/a>\n\t\t\t\t\t\t\t\t\t\t\t\t\t\t\t<\/div>\n\t\t\t\t<\/div>\n\t\t\t\t<div class=\"elementor-element elementor-element-42a2c7f elementor-widget elementor-widget-image\" data-id=\"42a2c7f\" data-element_type=\"widget\" data-e-type=\"widget\" data-widget_type=\"image.default\">\n\t\t\t\t<div class=\"elementor-widget-container\">\n\t\t\t\t\t\t\t\t\t\t\t\t\t\t\t\t<a href=\"http:\/\/www.leones-sa.com\/wp-content\/uploads\/2019\/08\/molino-02.jpg\" data-elementor-open-lightbox=\"yes\" data-elementor-lightbox-title=\"molino-02\" data-e-action-hash=\"#elementor-action%3Aaction%3Dlightbox%26settings%3DeyJpZCI6NTI5LCJ1cmwiOiJodHRwOlwvXC93d3cubGVvbmVzLXNhLmNvbVwvd3AtY29udGVudFwvdXBsb2Fkc1wvMjAxOVwvMDhcL21vbGluby0wMi5qcGcifQ%3D%3D\">\n\t\t\t\t\t\t\t<img decoding=\"async\" width=\"600\" height=\"400\" src=\"http:\/\/www.leones-sa.com\/wp-content\/uploads\/2019\/08\/molino-02.jpg\" class=\"attachment-full size-full wp-image-529\" alt=\"\" srcset=\"http:\/\/www.leones-sa.com\/wp-content\/uploads\/2019\/08\/molino-02.jpg 600w, http:\/\/www.leones-sa.com\/wp-content\/uploads\/2019\/08\/molino-02-300x200.jpg 300w\" sizes=\"(max-width: 600px) 100vw, 600px\" \/>\t\t\t\t\t\t\t\t<\/a>\n\t\t\t\t\t\t\t\t\t\t\t\t\t\t\t<\/div>\n\t\t\t\t<\/div>\n\t\t\t\t<div class=\"elementor-element elementor-element-0245e0f elementor-widget elementor-widget-image\" data-id=\"0245e0f\" data-element_type=\"widget\" data-e-type=\"widget\" data-widget_type=\"image.default\">\n\t\t\t\t<div class=\"elementor-widget-container\">\n\t\t\t\t\t\t\t\t\t\t\t\t\t\t\t\t<a href=\"http:\/\/www.leones-sa.com\/wp-content\/uploads\/2019\/08\/molino-03.jpg\" data-elementor-open-lightbox=\"yes\" data-elementor-lightbox-title=\"molino-03\" data-e-action-hash=\"#elementor-action%3Aaction%3Dlightbox%26settings%3DeyJpZCI6NTMwLCJ1cmwiOiJodHRwOlwvXC93d3cubGVvbmVzLXNhLmNvbVwvd3AtY29udGVudFwvdXBsb2Fkc1wvMjAxOVwvMDhcL21vbGluby0wMy5qcGcifQ%3D%3D\">\n\t\t\t\t\t\t\t<img decoding=\"async\" width=\"600\" height=\"400\" src=\"http:\/\/www.leones-sa.com\/wp-content\/uploads\/2019\/08\/molino-03.jpg\" class=\"attachment-large size-large wp-image-530\" alt=\"\" srcset=\"http:\/\/www.leones-sa.com\/wp-content\/uploads\/2019\/08\/molino-03.jpg 600w, http:\/\/www.leones-sa.com\/wp-content\/uploads\/2019\/08\/molino-03-300x200.jpg 300w\" sizes=\"(max-width: 600px) 100vw, 600px\" \/>\t\t\t\t\t\t\t\t<\/a>\n\t\t\t\t\t\t\t\t\t\t\t\t\t\t\t<\/div>\n\t\t\t\t<\/div>\n\t\t\t\t\t<\/div>\n\t\t<\/div>\n\t\t\t\t\t<\/div>\n\t\t<\/section>\n\t\t\t\t<section class=\"elementor-section elementor-top-section elementor-element elementor-element-f66dc84 elementor-section-boxed elementor-section-height-default elementor-section-height-default\" data-id=\"f66dc84\" data-element_type=\"section\" data-e-type=\"section\">\n\t\t\t\t\t\t<div class=\"elementor-container elementor-column-gap-default\">\n\t\t\t\t\t<div class=\"elementor-column elementor-col-100 elementor-top-column elementor-element elementor-element-a0d56a3\" data-id=\"a0d56a3\" data-element_type=\"column\" data-e-type=\"column\">\n\t\t\t<div class=\"elementor-widget-wrap elementor-element-populated\">\n\t\t\t\t\t\t<div class=\"elementor-element elementor-element-c61bfd0 elementor-widget elementor-widget-spacer\" data-id=\"c61bfd0\" data-element_type=\"widget\" data-e-type=\"widget\" data-widget_type=\"spacer.default\">\n\t\t\t\t<div class=\"elementor-widget-container\">\n\t\t\t\t\t\t\t<div class=\"elementor-spacer\">\n\t\t\t<div class=\"elementor-spacer-inner\"><\/div>\n\t\t<\/div>\n\t\t\t\t\t\t<\/div>\n\t\t\t\t<\/div>\n\t\t\t\t\t<\/div>\n\t\t<\/div>\n\t\t\t\t\t<\/div>\n\t\t<\/section>\n\t\t\t\t<\/div>\n\t\t","protected":false},"excerpt":{"rendered":"<p>Nuestro molino, instalado desde 1995 nos permite contar, mediante la utilizaci\u00f3n de equipos de moliner\u00eda de \u00faltima generaci\u00f3n en los procesos de molienda seca de&hellip;<\/p>\n","protected":false},"author":4,"featured_media":0,"parent":0,"menu_order":0,"comment_status":"closed","ping_status":"closed","template":"","meta":{"footnotes":""},"class_list":["post-12","page","type-page","status-publish","hentry"],"_links":{"self":[{"href":"http:\/\/www.leones-sa.com\/index.php\/wp-json\/wp\/v2\/pages\/12","targetHints":{"allow":["GET"]}}],"collection":[{"href":"http:\/\/www.leones-sa.com\/index.php\/wp-json\/wp\/v2\/pages"}],"about":[{"href":"http:\/\/www.leones-sa.com\/index.php\/wp-json\/wp\/v2\/types\/page"}],"author":[{"embeddable":true,"href":"http:\/\/www.leones-sa.com\/index.php\/wp-json\/wp\/v2\/users\/4"}],"replies":[{"embeddable":true,"href":"http:\/\/www.leones-sa.com\/index.php\/wp-json\/wp\/v2\/comments?post=12"}],"version-history":[{"count":35,"href":"http:\/\/www.leones-sa.com\/index.php\/wp-json\/wp\/v2\/pages\/12\/revisions"}],"predecessor-version":[{"id":632,"href":"http:\/\/www.leones-sa.com\/index.php\/wp-json\/wp\/v2\/pages\/12\/revisions\/632"}],"wp:attachment":[{"href":"http:\/\/www.leones-sa.com\/index.php\/wp-json\/wp\/v2\/media?parent=12"}],"curies":[{"name":"wp","href":"https:\/\/api.w.org\/{rel}","templated":true}]}}