{"id":14,"date":"2019-05-28T16:17:25","date_gmt":"2019-05-28T19:17:25","guid":{"rendered":"http:\/\/www.leones-sa.com\/?page_id=14"},"modified":"2019-08-30T15:14:58","modified_gmt":"2019-08-30T18:14:58","slug":"actividad-agropecuaria","status":"publish","type":"page","link":"http:\/\/www.leones-sa.com\/index.php\/actividad-agropecuaria\/","title":{"rendered":"Actividad Agropecuaria"},"content":{"rendered":"\t\t<div data-elementor-type=\"wp-post\" data-elementor-id=\"14\" class=\"elementor elementor-14\">\n\t\t\t\t\t\t<section class=\"elementor-section elementor-top-section elementor-element elementor-element-12efe10 elementor-section-boxed elementor-section-height-default elementor-section-height-default\" data-id=\"12efe10\" data-element_type=\"section\" data-e-type=\"section\">\n\t\t\t\t\t\t<div class=\"elementor-container elementor-column-gap-default\">\n\t\t\t\t\t<div class=\"elementor-column elementor-col-100 elementor-top-column elementor-element elementor-element-679e32b\" data-id=\"679e32b\" data-element_type=\"column\" data-e-type=\"column\">\n\t\t\t<div class=\"elementor-widget-wrap elementor-element-populated\">\n\t\t\t\t\t\t<div class=\"elementor-element elementor-element-e3344b2 elementor-widget elementor-widget-text-editor\" data-id=\"e3344b2\" data-element_type=\"widget\" data-e-type=\"widget\" data-widget_type=\"text-editor.default\">\n\t\t\t\t<div class=\"elementor-widget-container\">\n\t\t\t\t\t\t\t\t\t<p>La estancia \u201cDon Be\u00f1at\u201d, est\u00e1 ubicada a 30 km de la localidad de Vicu\u00f1a\u00a0 Mackenna, cuenta con una superficie de 5.000 has.<\/p>\t\t\t\t\t\t\t\t<\/div>\n\t\t\t\t<\/div>\n\t\t\t\t<div class=\"elementor-element elementor-element-a1f2b13 elementor-widget elementor-widget-text-editor\" data-id=\"a1f2b13\" data-element_type=\"widget\" data-e-type=\"widget\" data-widget_type=\"text-editor.default\">\n\t\t\t\t<div class=\"elementor-widget-container\">\n\t\t\t\t\t\t\t\t\t<h4 class=\"widget-title\"><span style=\"color: #96040b;\">Desarroll\u00e1ndose en el campo las siguientes actividades:<\/span><\/h4><ul><li>\u00c1rea agropecuaria:<ul><li>Centrada en Soja,<\/li><li>Ma\u00edz,<\/li><li>Man\u00ed y otros.<\/li><\/ul><\/li><li>\u00c1rea L\u00e1ctea: Cuenta con una tambo con 900 vacas en orde\u00f1e, cuya producci\u00f3n mensual es mayor a los 760.000 litros de leche.<\/li><\/ul>\t\t\t\t\t\t\t\t<\/div>\n\t\t\t\t<\/div>\n\t\t\t\t<div class=\"elementor-element elementor-element-fc92837 elementor-widget-divider--view-line elementor-widget elementor-widget-divider\" data-id=\"fc92837\" data-element_type=\"widget\" data-e-type=\"widget\" data-widget_type=\"divider.default\">\n\t\t\t\t<div class=\"elementor-widget-container\">\n\t\t\t\t\t\t\t<div class=\"elementor-divider\">\n\t\t\t<span class=\"elementor-divider-separator\">\n\t\t\t\t\t\t<\/span>\n\t\t<\/div>\n\t\t\t\t\t\t<\/div>\n\t\t\t\t<\/div>\n\t\t\t\t\t<\/div>\n\t\t<\/div>\n\t\t\t\t\t<\/div>\n\t\t<\/section>\n\t\t\t\t<section class=\"elementor-section elementor-top-section elementor-element elementor-element-854f274 elementor-section-boxed elementor-section-height-default elementor-section-height-default\" data-id=\"854f274\" data-element_type=\"section\" data-e-type=\"section\">\n\t\t\t\t\t\t<div class=\"elementor-container elementor-column-gap-default\">\n\t\t\t\t\t<div class=\"elementor-column elementor-col-100 elementor-top-column elementor-element elementor-element-5fa8067\" data-id=\"5fa8067\" data-element_type=\"column\" data-e-type=\"column\">\n\t\t\t<div class=\"elementor-widget-wrap elementor-element-populated\">\n\t\t\t\t\t\t<div class=\"elementor-element elementor-element-53173fd elementor-arrows-position-inside elementor-pagination-position-outside elementor-widget elementor-widget-image-carousel\" data-id=\"53173fd\" data-element_type=\"widget\" data-e-type=\"widget\" data-settings=\"{&quot;navigation&quot;:&quot;both&quot;,&quot;autoplay&quot;:&quot;yes&quot;,&quot;pause_on_hover&quot;:&quot;yes&quot;,&quot;pause_on_interaction&quot;:&quot;yes&quot;,&quot;autoplay_speed&quot;:5000,&quot;infinite&quot;:&quot;yes&quot;,&quot;speed&quot;:500}\" data-widget_type=\"image-carousel.default\">\n\t\t\t\t<div class=\"elementor-widget-container\">\n\t\t\t\t\t\t\t<div class=\"elementor-image-carousel-wrapper swiper\" role=\"region\" aria-roledescription=\"carousel\" aria-label=\"Carrusel de im\u00e1genes\" dir=\"ltr\">\n\t\t\t<div class=\"elementor-image-carousel swiper-wrapper\" aria-live=\"off\">\n\t\t\t\t\t\t\t\t<div class=\"swiper-slide\" role=\"group\" aria-roledescription=\"slide\" aria-label=\"1 of 8\"><a data-elementor-open-lightbox=\"yes\" data-elementor-lightbox-slideshow=\"53173fd\" data-elementor-lightbox-title=\"leones-de-bleek-actividad-agropecuaria (8)\" data-e-action-hash=\"#elementor-action%3Aaction%3Dlightbox%26settings%3DeyJpZCI6NDY0LCJ1cmwiOiJodHRwOlwvXC93d3cubGVvbmVzLXNhLmNvbVwvd3AtY29udGVudFwvdXBsb2Fkc1wvMjAxOVwvMDhcL2xlb25lcy1kZS1ibGVlay1hY3RpdmlkYWQtYWdyb3BlY3VhcmlhLTguanBnIiwic2xpZGVzaG93IjoiNTMxNzNmZCJ9\" href=\"http:\/\/www.leones-sa.com\/wp-content\/uploads\/2019\/08\/leones-de-bleek-actividad-agropecuaria-8.jpg\"><figure class=\"swiper-slide-inner\"><img decoding=\"async\" class=\"swiper-slide-image\" src=\"http:\/\/www.leones-sa.com\/wp-content\/uploads\/2019\/08\/leones-de-bleek-actividad-agropecuaria-8.jpg\" alt=\"leones-de-bleek-actividad-agropecuaria (8)\" \/><\/figure><\/a><\/div><div class=\"swiper-slide\" role=\"group\" aria-roledescription=\"slide\" aria-label=\"2 of 8\"><a data-elementor-open-lightbox=\"yes\" data-elementor-lightbox-slideshow=\"53173fd\" data-elementor-lightbox-title=\"leones-de-bleek-actividad-agropecuaria (7)\" data-e-action-hash=\"#elementor-action%3Aaction%3Dlightbox%26settings%3DeyJpZCI6NDYzLCJ1cmwiOiJodHRwOlwvXC93d3cubGVvbmVzLXNhLmNvbVwvd3AtY29udGVudFwvdXBsb2Fkc1wvMjAxOVwvMDhcL2xlb25lcy1kZS1ibGVlay1hY3RpdmlkYWQtYWdyb3BlY3VhcmlhLTcuanBnIiwic2xpZGVzaG93IjoiNTMxNzNmZCJ9\" href=\"http:\/\/www.leones-sa.com\/wp-content\/uploads\/2019\/08\/leones-de-bleek-actividad-agropecuaria-7.jpg\"><figure class=\"swiper-slide-inner\"><img decoding=\"async\" class=\"swiper-slide-image\" src=\"http:\/\/www.leones-sa.com\/wp-content\/uploads\/2019\/08\/leones-de-bleek-actividad-agropecuaria-7.jpg\" alt=\"leones-de-bleek-actividad-agropecuaria (7)\" \/><\/figure><\/a><\/div><div class=\"swiper-slide\" role=\"group\" aria-roledescription=\"slide\" aria-label=\"3 of 8\"><a data-elementor-open-lightbox=\"yes\" data-elementor-lightbox-slideshow=\"53173fd\" data-elementor-lightbox-title=\"leones-de-bleek-actividad-agropecuaria (6)\" data-e-action-hash=\"#elementor-action%3Aaction%3Dlightbox%26settings%3DeyJpZCI6NDYyLCJ1cmwiOiJodHRwOlwvXC93d3cubGVvbmVzLXNhLmNvbVwvd3AtY29udGVudFwvdXBsb2Fkc1wvMjAxOVwvMDhcL2xlb25lcy1kZS1ibGVlay1hY3RpdmlkYWQtYWdyb3BlY3VhcmlhLTYuanBnIiwic2xpZGVzaG93IjoiNTMxNzNmZCJ9\" href=\"http:\/\/www.leones-sa.com\/wp-content\/uploads\/2019\/08\/leones-de-bleek-actividad-agropecuaria-6.jpg\"><figure class=\"swiper-slide-inner\"><img decoding=\"async\" class=\"swiper-slide-image\" src=\"http:\/\/www.leones-sa.com\/wp-content\/uploads\/2019\/08\/leones-de-bleek-actividad-agropecuaria-6.jpg\" alt=\"leones-de-bleek-actividad-agropecuaria (6)\" \/><\/figure><\/a><\/div><div class=\"swiper-slide\" role=\"group\" aria-roledescription=\"slide\" aria-label=\"4 of 8\"><a data-elementor-open-lightbox=\"yes\" data-elementor-lightbox-slideshow=\"53173fd\" data-elementor-lightbox-title=\"leones-de-bleek-actividad-agropecuaria (5)\" data-e-action-hash=\"#elementor-action%3Aaction%3Dlightbox%26settings%3DeyJpZCI6NDYxLCJ1cmwiOiJodHRwOlwvXC93d3cubGVvbmVzLXNhLmNvbVwvd3AtY29udGVudFwvdXBsb2Fkc1wvMjAxOVwvMDhcL2xlb25lcy1kZS1ibGVlay1hY3RpdmlkYWQtYWdyb3BlY3VhcmlhLTUuanBnIiwic2xpZGVzaG93IjoiNTMxNzNmZCJ9\" href=\"http:\/\/www.leones-sa.com\/wp-content\/uploads\/2019\/08\/leones-de-bleek-actividad-agropecuaria-5.jpg\"><figure class=\"swiper-slide-inner\"><img decoding=\"async\" class=\"swiper-slide-image\" src=\"http:\/\/www.leones-sa.com\/wp-content\/uploads\/2019\/08\/leones-de-bleek-actividad-agropecuaria-5.jpg\" alt=\"leones-de-bleek-actividad-agropecuaria (5)\" \/><\/figure><\/a><\/div><div class=\"swiper-slide\" role=\"group\" aria-roledescription=\"slide\" aria-label=\"5 of 8\"><a data-elementor-open-lightbox=\"yes\" data-elementor-lightbox-slideshow=\"53173fd\" data-elementor-lightbox-title=\"leones-de-bleek-actividad-agropecuaria (4)\" data-e-action-hash=\"#elementor-action%3Aaction%3Dlightbox%26settings%3DeyJpZCI6NDYwLCJ1cmwiOiJodHRwOlwvXC93d3cubGVvbmVzLXNhLmNvbVwvd3AtY29udGVudFwvdXBsb2Fkc1wvMjAxOVwvMDhcL2xlb25lcy1kZS1ibGVlay1hY3RpdmlkYWQtYWdyb3BlY3VhcmlhLTQuanBnIiwic2xpZGVzaG93IjoiNTMxNzNmZCJ9\" href=\"http:\/\/www.leones-sa.com\/wp-content\/uploads\/2019\/08\/leones-de-bleek-actividad-agropecuaria-4.jpg\"><figure class=\"swiper-slide-inner\"><img decoding=\"async\" class=\"swiper-slide-image\" src=\"http:\/\/www.leones-sa.com\/wp-content\/uploads\/2019\/08\/leones-de-bleek-actividad-agropecuaria-4.jpg\" alt=\"leones-de-bleek-actividad-agropecuaria (4)\" \/><\/figure><\/a><\/div><div class=\"swiper-slide\" role=\"group\" aria-roledescription=\"slide\" aria-label=\"6 of 8\"><a data-elementor-open-lightbox=\"yes\" data-elementor-lightbox-slideshow=\"53173fd\" data-elementor-lightbox-title=\"leones-de-bleek-actividad-agropecuaria (3)\" data-e-action-hash=\"#elementor-action%3Aaction%3Dlightbox%26settings%3DeyJpZCI6NDU5LCJ1cmwiOiJodHRwOlwvXC93d3cubGVvbmVzLXNhLmNvbVwvd3AtY29udGVudFwvdXBsb2Fkc1wvMjAxOVwvMDhcL2xlb25lcy1kZS1ibGVlay1hY3RpdmlkYWQtYWdyb3BlY3VhcmlhLTMuanBnIiwic2xpZGVzaG93IjoiNTMxNzNmZCJ9\" href=\"http:\/\/www.leones-sa.com\/wp-content\/uploads\/2019\/08\/leones-de-bleek-actividad-agropecuaria-3.jpg\"><figure class=\"swiper-slide-inner\"><img decoding=\"async\" class=\"swiper-slide-image\" src=\"http:\/\/www.leones-sa.com\/wp-content\/uploads\/2019\/08\/leones-de-bleek-actividad-agropecuaria-3.jpg\" alt=\"leones-de-bleek-actividad-agropecuaria (3)\" \/><\/figure><\/a><\/div><div class=\"swiper-slide\" role=\"group\" aria-roledescription=\"slide\" aria-label=\"7 of 8\"><a data-elementor-open-lightbox=\"yes\" data-elementor-lightbox-slideshow=\"53173fd\" data-elementor-lightbox-title=\"leones-de-bleek-actividad-agropecuaria (2)\" data-e-action-hash=\"#elementor-action%3Aaction%3Dlightbox%26settings%3DeyJpZCI6NDU4LCJ1cmwiOiJodHRwOlwvXC93d3cubGVvbmVzLXNhLmNvbVwvd3AtY29udGVudFwvdXBsb2Fkc1wvMjAxOVwvMDhcL2xlb25lcy1kZS1ibGVlay1hY3RpdmlkYWQtYWdyb3BlY3VhcmlhLTIuanBnIiwic2xpZGVzaG93IjoiNTMxNzNmZCJ9\" href=\"http:\/\/www.leones-sa.com\/wp-content\/uploads\/2019\/08\/leones-de-bleek-actividad-agropecuaria-2.jpg\"><figure class=\"swiper-slide-inner\"><img decoding=\"async\" class=\"swiper-slide-image\" src=\"http:\/\/www.leones-sa.com\/wp-content\/uploads\/2019\/08\/leones-de-bleek-actividad-agropecuaria-2.jpg\" alt=\"leones-de-bleek-actividad-agropecuaria (2)\" \/><\/figure><\/a><\/div><div class=\"swiper-slide\" role=\"group\" aria-roledescription=\"slide\" aria-label=\"8 of 8\"><a data-elementor-open-lightbox=\"yes\" data-elementor-lightbox-slideshow=\"53173fd\" data-elementor-lightbox-title=\"leones-de-bleek-actividad-agropecuaria (1)\" data-e-action-hash=\"#elementor-action%3Aaction%3Dlightbox%26settings%3DeyJpZCI6NDU3LCJ1cmwiOiJodHRwOlwvXC93d3cubGVvbmVzLXNhLmNvbVwvd3AtY29udGVudFwvdXBsb2Fkc1wvMjAxOVwvMDhcL2xlb25lcy1kZS1ibGVlay1hY3RpdmlkYWQtYWdyb3BlY3VhcmlhLTEuanBnIiwic2xpZGVzaG93IjoiNTMxNzNmZCJ9\" href=\"http:\/\/www.leones-sa.com\/wp-content\/uploads\/2019\/08\/leones-de-bleek-actividad-agropecuaria-1.jpg\"><figure class=\"swiper-slide-inner\"><img decoding=\"async\" class=\"swiper-slide-image\" src=\"http:\/\/www.leones-sa.com\/wp-content\/uploads\/2019\/08\/leones-de-bleek-actividad-agropecuaria-1.jpg\" alt=\"leones-de-bleek-actividad-agropecuaria (1)\" \/><\/figure><\/a><\/div>\t\t\t<\/div>\n\t\t\t\t\t\t\t\t\t\t\t\t<div class=\"elementor-swiper-button elementor-swiper-button-prev\" role=\"button\" tabindex=\"0\">\n\t\t\t\t\t\t<i aria-hidden=\"true\" class=\"eicon-chevron-left\"><\/i>\t\t\t\t\t<\/div>\n\t\t\t\t\t<div class=\"elementor-swiper-button elementor-swiper-button-next\" role=\"button\" tabindex=\"0\">\n\t\t\t\t\t\t<i aria-hidden=\"true\" class=\"eicon-chevron-right\"><\/i>\t\t\t\t\t<\/div>\n\t\t\t\t\n\t\t\t\t\t\t\t\t\t<div class=\"swiper-pagination\"><\/div>\n\t\t\t\t\t\t\t\t\t<\/div>\n\t\t\t\t\t\t<\/div>\n\t\t\t\t<\/div>\n\t\t\t\t<div class=\"elementor-element elementor-element-24647b1 elementor-widget elementor-widget-spacer\" data-id=\"24647b1\" data-element_type=\"widget\" data-e-type=\"widget\" data-widget_type=\"spacer.default\">\n\t\t\t\t<div class=\"elementor-widget-container\">\n\t\t\t\t\t\t\t<div class=\"elementor-spacer\">\n\t\t\t<div class=\"elementor-spacer-inner\"><\/div>\n\t\t<\/div>\n\t\t\t\t\t\t<\/div>\n\t\t\t\t<\/div>\n\t\t\t\t\t<\/div>\n\t\t<\/div>\n\t\t\t\t\t<\/div>\n\t\t<\/section>\n\t\t\t\t<section class=\"elementor-section elementor-top-section elementor-element elementor-element-ff13720 elementor-section-boxed elementor-section-height-default elementor-section-height-default\" data-id=\"ff13720\" data-element_type=\"section\" data-e-type=\"section\">\n\t\t\t\t\t\t<div class=\"elementor-container elementor-column-gap-default\">\n\t\t\t\t\t<div class=\"elementor-column elementor-col-100 elementor-top-column elementor-element elementor-element-ecf254d\" data-id=\"ecf254d\" data-element_type=\"column\" data-e-type=\"column\">\n\t\t\t<div class=\"elementor-widget-wrap elementor-element-populated\">\n\t\t\t\t\t\t\t<\/div>\n\t\t<\/div>\n\t\t\t\t\t<\/div>\n\t\t<\/section>\n\t\t\t\t<\/div>\n\t\t","protected":false},"excerpt":{"rendered":"<p>La estancia \u201cDon Be\u00f1at\u201d, est\u00e1 ubicada a 30 km de la localidad de Vicu\u00f1a\u00a0 Mackenna, cuenta con una superficie de 5.000 has. Desarroll\u00e1ndose en el&hellip;<\/p>\n","protected":false},"author":4,"featured_media":0,"parent":0,"menu_order":0,"comment_status":"closed","ping_status":"closed","template":"","meta":{"footnotes":""},"class_list":["post-14","page","type-page","status-publish","hentry"],"_links":{"self":[{"href":"http:\/\/www.leones-sa.com\/index.php\/wp-json\/wp\/v2\/pages\/14","targetHints":{"allow":["GET"]}}],"collection":[{"href":"http:\/\/www.leones-sa.com\/index.php\/wp-json\/wp\/v2\/pages"}],"about":[{"href":"http:\/\/www.leones-sa.com\/index.php\/wp-json\/wp\/v2\/types\/page"}],"author":[{"embeddable":true,"href":"http:\/\/www.leones-sa.com\/index.php\/wp-json\/wp\/v2\/users\/4"}],"replies":[{"embeddable":true,"href":"http:\/\/www.leones-sa.com\/index.php\/wp-json\/wp\/v2\/comments?post=14"}],"version-history":[{"count":28,"href":"http:\/\/www.leones-sa.com\/index.php\/wp-json\/wp\/v2\/pages\/14\/revisions"}],"predecessor-version":[{"id":625,"href":"http:\/\/www.leones-sa.com\/index.php\/wp-json\/wp\/v2\/pages\/14\/revisions\/625"}],"wp:attachment":[{"href":"http:\/\/www.leones-sa.com\/index.php\/wp-json\/wp\/v2\/media?parent=14"}],"curies":[{"name":"wp","href":"https:\/\/api.w.org\/{rel}","templated":true}]}}