{"id":18,"date":"2019-05-28T16:18:15","date_gmt":"2019-05-28T19:18:15","guid":{"rendered":"http:\/\/www.leones-sa.com\/?page_id=18"},"modified":"2019-09-06T13:37:27","modified_gmt":"2019-09-06T16:37:27","slug":"acopio","status":"publish","type":"page","link":"http:\/\/www.leones-sa.com\/index.php\/acopio\/","title":{"rendered":"Acopio"},"content":{"rendered":"\t\t<div data-elementor-type=\"wp-post\" data-elementor-id=\"18\" class=\"elementor elementor-18\">\n\t\t\t\t\t\t<section class=\"elementor-section elementor-top-section elementor-element elementor-element-2ae4fd0 elementor-section-boxed elementor-section-height-default elementor-section-height-default\" data-id=\"2ae4fd0\" data-element_type=\"section\" data-e-type=\"section\">\n\t\t\t\t\t\t<div class=\"elementor-container elementor-column-gap-default\">\n\t\t\t\t\t<div class=\"elementor-column elementor-col-100 elementor-top-column elementor-element elementor-element-fb5dbef\" data-id=\"fb5dbef\" data-element_type=\"column\" data-e-type=\"column\">\n\t\t\t<div class=\"elementor-widget-wrap elementor-element-populated\">\n\t\t\t\t\t\t<div class=\"elementor-element elementor-element-e2c6066 elementor-widget elementor-widget-text-editor\" data-id=\"e2c6066\" data-element_type=\"widget\" data-e-type=\"widget\" data-widget_type=\"text-editor.default\">\n\t\t\t\t<div class=\"elementor-widget-container\">\n\t\t\t\t\t\t\t\t\t<p>La planta de Acopio de cereales inicia su actividad en 1995, la misma est\u00e1 ubicada sobre las v\u00edas del Ferrocarril en Estaci\u00f3n Torres (Vicu\u00f1a Mackenna), donde se realizan operativos de carga a trav\u00e9s del servicio que presta la firma Belgrano Cargas y Log\u00edstica.<\/p><p>La planta cuenta con una capacidad de carga y descarga de 300 tn\/h, con v\u00edas de accesos y egresos para operativos de ffcc carg\u00e1ndose en 12hs, operando con 2 plataformas hidr\u00e1ulicas.<\/p>\t\t\t\t\t\t\t\t<\/div>\n\t\t\t\t<\/div>\n\t\t\t\t\t<\/div>\n\t\t<\/div>\n\t\t\t\t\t<\/div>\n\t\t<\/section>\n\t\t\t\t<section class=\"elementor-section elementor-top-section elementor-element elementor-element-373355c elementor-section-boxed elementor-section-height-default elementor-section-height-default\" data-id=\"373355c\" data-element_type=\"section\" data-e-type=\"section\">\n\t\t\t\t\t\t<div class=\"elementor-container elementor-column-gap-default\">\n\t\t\t\t\t<div class=\"elementor-column elementor-col-100 elementor-top-column elementor-element elementor-element-995d289\" data-id=\"995d289\" data-element_type=\"column\" data-e-type=\"column\">\n\t\t\t<div class=\"elementor-widget-wrap elementor-element-populated\">\n\t\t\t\t\t\t<div class=\"elementor-element elementor-element-65ad6d9 elementor-widget elementor-widget-text-editor\" data-id=\"65ad6d9\" data-element_type=\"widget\" data-e-type=\"widget\" data-widget_type=\"text-editor.default\">\n\t\t\t\t<div class=\"elementor-widget-container\">\n\t\t\t\t\t\t\t\t\t<h2 style=\"text-align: center;\"><span style=\"color: #96040b;\">SERVICIOS<\/span><\/h2>\t\t\t\t\t\t\t\t<\/div>\n\t\t\t\t<\/div>\n\t\t\t\t\t<\/div>\n\t\t<\/div>\n\t\t\t\t\t<\/div>\n\t\t<\/section>\n\t\t\t\t<section class=\"elementor-section elementor-top-section elementor-element elementor-element-0f8563c elementor-section-boxed elementor-section-height-default elementor-section-height-default\" data-id=\"0f8563c\" data-element_type=\"section\" data-e-type=\"section\">\n\t\t\t\t\t\t<div class=\"elementor-container elementor-column-gap-default\">\n\t\t\t\t\t<div class=\"elementor-column elementor-col-100 elementor-top-column elementor-element elementor-element-e432a3d\" data-id=\"e432a3d\" data-element_type=\"column\" data-e-type=\"column\">\n\t\t\t<div class=\"elementor-widget-wrap elementor-element-populated\">\n\t\t\t\t\t\t<section class=\"elementor-section elementor-inner-section elementor-element elementor-element-05e44fd elementor-section-boxed elementor-section-height-default elementor-section-height-default\" data-id=\"05e44fd\" data-element_type=\"section\" data-e-type=\"section\">\n\t\t\t\t\t\t<div class=\"elementor-container elementor-column-gap-default\">\n\t\t\t\t\t<div class=\"elementor-column elementor-col-50 elementor-inner-column elementor-element elementor-element-eaf5fab\" data-id=\"eaf5fab\" data-element_type=\"column\" data-e-type=\"column\">\n\t\t\t<div class=\"elementor-widget-wrap elementor-element-populated\">\n\t\t\t\t\t\t<div class=\"elementor-element elementor-element-b3ebcbb elementor-widget elementor-widget-text-editor\" data-id=\"b3ebcbb\" data-element_type=\"widget\" data-e-type=\"widget\" data-widget_type=\"text-editor.default\">\n\t\t\t\t<div class=\"elementor-widget-container\">\n\t\t\t\t\t\t\t\t\t<ul><li>Acondicionamiento del cereal.<\/li><li>Secado.<\/li><li>Prelimpieza y limpieza del cereal.<\/li><li>Transporte: cami\u00f3n y ferrocarril.<\/li><li>Laboratorio de an\u00e1lisis.<\/li><li>Plataformas volcadoras.<\/li><li>Elevadores.<\/li><li>Fumigaciones.<\/li><li>Playa de espera para camiones.<\/li><li>Seguridad monitoreada a distancia con c\u00e1maras.<\/li><\/ul>\t\t\t\t\t\t\t\t<\/div>\n\t\t\t\t<\/div>\n\t\t\t\t\t<\/div>\n\t\t<\/div>\n\t\t\t\t<div class=\"elementor-column elementor-col-50 elementor-inner-column elementor-element elementor-element-83f2b1b\" data-id=\"83f2b1b\" data-element_type=\"column\" data-e-type=\"column\">\n\t\t\t<div class=\"elementor-widget-wrap elementor-element-populated\">\n\t\t\t\t\t\t<div class=\"elementor-element elementor-element-f658221 elementor-widget elementor-widget-spacer\" data-id=\"f658221\" data-element_type=\"widget\" data-e-type=\"widget\" data-widget_type=\"spacer.default\">\n\t\t\t\t<div class=\"elementor-widget-container\">\n\t\t\t\t\t\t\t<div class=\"elementor-spacer\">\n\t\t\t<div class=\"elementor-spacer-inner\"><\/div>\n\t\t<\/div>\n\t\t\t\t\t\t<\/div>\n\t\t\t\t<\/div>\n\t\t\t\t<div class=\"elementor-element elementor-element-c144c3a elementor-widget elementor-widget-image\" data-id=\"c144c3a\" data-element_type=\"widget\" data-e-type=\"widget\" data-widget_type=\"image.default\">\n\t\t\t\t<div class=\"elementor-widget-container\">\n\t\t\t\t\t\t\t\t\t\t\t\t\t\t\t<img fetchpriority=\"high\" decoding=\"async\" width=\"600\" height=\"330\" src=\"http:\/\/www.leones-sa.com\/wp-content\/uploads\/2019\/08\/acopio-drone.gif\" class=\"attachment-full size-full wp-image-533\" alt=\"\" \/>\t\t\t\t\t\t\t\t\t\t\t\t\t\t\t<\/div>\n\t\t\t\t<\/div>\n\t\t\t\t\t<\/div>\n\t\t<\/div>\n\t\t\t\t\t<\/div>\n\t\t<\/section>\n\t\t\t\t\t<\/div>\n\t\t<\/div>\n\t\t\t\t\t<\/div>\n\t\t<\/section>\n\t\t\t\t<section class=\"elementor-section elementor-top-section elementor-element elementor-element-3717332 elementor-section-boxed elementor-section-height-default elementor-section-height-default\" data-id=\"3717332\" data-element_type=\"section\" data-e-type=\"section\">\n\t\t\t\t\t\t<div class=\"elementor-container elementor-column-gap-default\">\n\t\t\t\t\t<div class=\"elementor-column elementor-col-100 elementor-top-column elementor-element elementor-element-a44e3f9\" data-id=\"a44e3f9\" data-element_type=\"column\" data-e-type=\"column\">\n\t\t\t<div class=\"elementor-widget-wrap elementor-element-populated\">\n\t\t\t\t\t\t<div class=\"elementor-element elementor-element-8fc73f2 elementor-widget elementor-widget-spacer\" data-id=\"8fc73f2\" data-element_type=\"widget\" data-e-type=\"widget\" data-widget_type=\"spacer.default\">\n\t\t\t\t<div class=\"elementor-widget-container\">\n\t\t\t\t\t\t\t<div class=\"elementor-spacer\">\n\t\t\t<div class=\"elementor-spacer-inner\"><\/div>\n\t\t<\/div>\n\t\t\t\t\t\t<\/div>\n\t\t\t\t<\/div>\n\t\t\t\t\t<\/div>\n\t\t<\/div>\n\t\t\t\t\t<\/div>\n\t\t<\/section>\n\t\t\t\t<section class=\"elementor-section elementor-top-section elementor-element elementor-element-4b8b9b8 elementor-section-boxed elementor-section-height-default elementor-section-height-default\" data-id=\"4b8b9b8\" data-element_type=\"section\" data-e-type=\"section\">\n\t\t\t\t\t\t<div class=\"elementor-container elementor-column-gap-default\">\n\t\t\t\t\t<div class=\"elementor-column elementor-col-100 elementor-top-column elementor-element elementor-element-65d590b\" data-id=\"65d590b\" data-element_type=\"column\" data-e-type=\"column\">\n\t\t\t<div class=\"elementor-widget-wrap elementor-element-populated\">\n\t\t\t\t\t\t<div class=\"elementor-element elementor-element-372b994 elementor-arrows-position-inside elementor-pagination-position-outside elementor-widget elementor-widget-image-carousel\" data-id=\"372b994\" data-element_type=\"widget\" data-e-type=\"widget\" data-settings=\"{&quot;navigation&quot;:&quot;both&quot;,&quot;autoplay&quot;:&quot;yes&quot;,&quot;pause_on_hover&quot;:&quot;yes&quot;,&quot;pause_on_interaction&quot;:&quot;yes&quot;,&quot;autoplay_speed&quot;:5000,&quot;infinite&quot;:&quot;yes&quot;,&quot;speed&quot;:500}\" data-widget_type=\"image-carousel.default\">\n\t\t\t\t<div class=\"elementor-widget-container\">\n\t\t\t\t\t\t\t<div class=\"elementor-image-carousel-wrapper swiper\" role=\"region\" aria-roledescription=\"carousel\" aria-label=\"Carrusel de im\u00e1genes\" dir=\"ltr\">\n\t\t\t<div class=\"elementor-image-carousel swiper-wrapper\" aria-live=\"off\">\n\t\t\t\t\t\t\t\t<div class=\"swiper-slide\" role=\"group\" aria-roledescription=\"slide\" aria-label=\"1 of 8\"><a data-elementor-open-lightbox=\"yes\" data-elementor-lightbox-slideshow=\"372b994\" data-elementor-lightbox-title=\"leones-de-bleek-acopio (8)\" data-e-action-hash=\"#elementor-action%3Aaction%3Dlightbox%26settings%3DeyJpZCI6NDU1LCJ1cmwiOiJodHRwOlwvXC93d3cubGVvbmVzLXNhLmNvbVwvd3AtY29udGVudFwvdXBsb2Fkc1wvMjAxOVwvMDhcL2xlb25lcy1kZS1ibGVlay1hY29waW8tOC5qcGciLCJzbGlkZXNob3ciOiIzNzJiOTk0In0%3D\" href=\"http:\/\/www.leones-sa.com\/wp-content\/uploads\/2019\/08\/leones-de-bleek-acopio-8.jpg\"><figure class=\"swiper-slide-inner\"><img decoding=\"async\" class=\"swiper-slide-image\" src=\"http:\/\/www.leones-sa.com\/wp-content\/uploads\/2019\/08\/leones-de-bleek-acopio-8.jpg\" alt=\"leones-de-bleek-acopio (8)\" \/><\/figure><\/a><\/div><div class=\"swiper-slide\" role=\"group\" aria-roledescription=\"slide\" aria-label=\"2 of 8\"><a data-elementor-open-lightbox=\"yes\" data-elementor-lightbox-slideshow=\"372b994\" data-elementor-lightbox-title=\"leones-de-bleek-acopio (7)\" data-e-action-hash=\"#elementor-action%3Aaction%3Dlightbox%26settings%3DeyJpZCI6NDU0LCJ1cmwiOiJodHRwOlwvXC93d3cubGVvbmVzLXNhLmNvbVwvd3AtY29udGVudFwvdXBsb2Fkc1wvMjAxOVwvMDhcL2xlb25lcy1kZS1ibGVlay1hY29waW8tNy5qcGciLCJzbGlkZXNob3ciOiIzNzJiOTk0In0%3D\" href=\"http:\/\/www.leones-sa.com\/wp-content\/uploads\/2019\/08\/leones-de-bleek-acopio-7.jpg\"><figure class=\"swiper-slide-inner\"><img decoding=\"async\" class=\"swiper-slide-image\" src=\"http:\/\/www.leones-sa.com\/wp-content\/uploads\/2019\/08\/leones-de-bleek-acopio-7.jpg\" alt=\"leones-de-bleek-acopio (7)\" \/><\/figure><\/a><\/div><div class=\"swiper-slide\" role=\"group\" aria-roledescription=\"slide\" aria-label=\"3 of 8\"><a data-elementor-open-lightbox=\"yes\" data-elementor-lightbox-slideshow=\"372b994\" data-elementor-lightbox-title=\"leones-de-bleek-acopio (6)\" data-e-action-hash=\"#elementor-action%3Aaction%3Dlightbox%26settings%3DeyJpZCI6NDUzLCJ1cmwiOiJodHRwOlwvXC93d3cubGVvbmVzLXNhLmNvbVwvd3AtY29udGVudFwvdXBsb2Fkc1wvMjAxOVwvMDhcL2xlb25lcy1kZS1ibGVlay1hY29waW8tNi5qcGciLCJzbGlkZXNob3ciOiIzNzJiOTk0In0%3D\" href=\"http:\/\/www.leones-sa.com\/wp-content\/uploads\/2019\/08\/leones-de-bleek-acopio-6.jpg\"><figure class=\"swiper-slide-inner\"><img decoding=\"async\" class=\"swiper-slide-image\" src=\"http:\/\/www.leones-sa.com\/wp-content\/uploads\/2019\/08\/leones-de-bleek-acopio-6.jpg\" alt=\"leones-de-bleek-acopio (6)\" \/><\/figure><\/a><\/div><div class=\"swiper-slide\" role=\"group\" aria-roledescription=\"slide\" aria-label=\"4 of 8\"><a data-elementor-open-lightbox=\"yes\" data-elementor-lightbox-slideshow=\"372b994\" data-elementor-lightbox-title=\"leones-de-bleek-acopio (5)\" data-e-action-hash=\"#elementor-action%3Aaction%3Dlightbox%26settings%3DeyJpZCI6NDUyLCJ1cmwiOiJodHRwOlwvXC93d3cubGVvbmVzLXNhLmNvbVwvd3AtY29udGVudFwvdXBsb2Fkc1wvMjAxOVwvMDhcL2xlb25lcy1kZS1ibGVlay1hY29waW8tNS5qcGciLCJzbGlkZXNob3ciOiIzNzJiOTk0In0%3D\" href=\"http:\/\/www.leones-sa.com\/wp-content\/uploads\/2019\/08\/leones-de-bleek-acopio-5.jpg\"><figure class=\"swiper-slide-inner\"><img decoding=\"async\" class=\"swiper-slide-image\" src=\"http:\/\/www.leones-sa.com\/wp-content\/uploads\/2019\/08\/leones-de-bleek-acopio-5.jpg\" alt=\"leones-de-bleek-acopio (5)\" \/><\/figure><\/a><\/div><div class=\"swiper-slide\" role=\"group\" aria-roledescription=\"slide\" aria-label=\"5 of 8\"><a data-elementor-open-lightbox=\"yes\" data-elementor-lightbox-slideshow=\"372b994\" data-elementor-lightbox-title=\"leones-de-bleek-acopio (4)\" data-e-action-hash=\"#elementor-action%3Aaction%3Dlightbox%26settings%3DeyJpZCI6NDUxLCJ1cmwiOiJodHRwOlwvXC93d3cubGVvbmVzLXNhLmNvbVwvd3AtY29udGVudFwvdXBsb2Fkc1wvMjAxOVwvMDhcL2xlb25lcy1kZS1ibGVlay1hY29waW8tNC5qcGciLCJzbGlkZXNob3ciOiIzNzJiOTk0In0%3D\" href=\"http:\/\/www.leones-sa.com\/wp-content\/uploads\/2019\/08\/leones-de-bleek-acopio-4.jpg\"><figure class=\"swiper-slide-inner\"><img decoding=\"async\" class=\"swiper-slide-image\" src=\"http:\/\/www.leones-sa.com\/wp-content\/uploads\/2019\/08\/leones-de-bleek-acopio-4.jpg\" alt=\"leones-de-bleek-acopio (4)\" \/><\/figure><\/a><\/div><div class=\"swiper-slide\" role=\"group\" aria-roledescription=\"slide\" aria-label=\"6 of 8\"><a data-elementor-open-lightbox=\"yes\" data-elementor-lightbox-slideshow=\"372b994\" data-elementor-lightbox-title=\"leones-de-bleek-acopio (3)\" data-e-action-hash=\"#elementor-action%3Aaction%3Dlightbox%26settings%3DeyJpZCI6NDUwLCJ1cmwiOiJodHRwOlwvXC93d3cubGVvbmVzLXNhLmNvbVwvd3AtY29udGVudFwvdXBsb2Fkc1wvMjAxOVwvMDhcL2xlb25lcy1kZS1ibGVlay1hY29waW8tMy5qcGciLCJzbGlkZXNob3ciOiIzNzJiOTk0In0%3D\" href=\"http:\/\/www.leones-sa.com\/wp-content\/uploads\/2019\/08\/leones-de-bleek-acopio-3.jpg\"><figure class=\"swiper-slide-inner\"><img decoding=\"async\" class=\"swiper-slide-image\" src=\"http:\/\/www.leones-sa.com\/wp-content\/uploads\/2019\/08\/leones-de-bleek-acopio-3.jpg\" alt=\"leones-de-bleek-acopio (3)\" \/><\/figure><\/a><\/div><div class=\"swiper-slide\" role=\"group\" aria-roledescription=\"slide\" aria-label=\"7 of 8\"><a data-elementor-open-lightbox=\"yes\" data-elementor-lightbox-slideshow=\"372b994\" data-elementor-lightbox-title=\"leones-de-bleek-acopio (2)\" data-e-action-hash=\"#elementor-action%3Aaction%3Dlightbox%26settings%3DeyJpZCI6NDQ5LCJ1cmwiOiJodHRwOlwvXC93d3cubGVvbmVzLXNhLmNvbVwvd3AtY29udGVudFwvdXBsb2Fkc1wvMjAxOVwvMDhcL2xlb25lcy1kZS1ibGVlay1hY29waW8tMi5qcGciLCJzbGlkZXNob3ciOiIzNzJiOTk0In0%3D\" href=\"http:\/\/www.leones-sa.com\/wp-content\/uploads\/2019\/08\/leones-de-bleek-acopio-2.jpg\"><figure class=\"swiper-slide-inner\"><img decoding=\"async\" class=\"swiper-slide-image\" src=\"http:\/\/www.leones-sa.com\/wp-content\/uploads\/2019\/08\/leones-de-bleek-acopio-2.jpg\" alt=\"leones-de-bleek-acopio (2)\" \/><\/figure><\/a><\/div><div class=\"swiper-slide\" role=\"group\" aria-roledescription=\"slide\" aria-label=\"8 of 8\"><a data-elementor-open-lightbox=\"yes\" data-elementor-lightbox-slideshow=\"372b994\" data-elementor-lightbox-title=\"leones-de-bleek-acopio (1)\" data-e-action-hash=\"#elementor-action%3Aaction%3Dlightbox%26settings%3DeyJpZCI6NDQ4LCJ1cmwiOiJodHRwOlwvXC93d3cubGVvbmVzLXNhLmNvbVwvd3AtY29udGVudFwvdXBsb2Fkc1wvMjAxOVwvMDhcL2xlb25lcy1kZS1ibGVlay1hY29waW8tMS5qcGciLCJzbGlkZXNob3ciOiIzNzJiOTk0In0%3D\" href=\"http:\/\/www.leones-sa.com\/wp-content\/uploads\/2019\/08\/leones-de-bleek-acopio-1.jpg\"><figure class=\"swiper-slide-inner\"><img decoding=\"async\" class=\"swiper-slide-image\" src=\"http:\/\/www.leones-sa.com\/wp-content\/uploads\/2019\/08\/leones-de-bleek-acopio-1.jpg\" alt=\"leones-de-bleek-acopio (1)\" \/><\/figure><\/a><\/div>\t\t\t<\/div>\n\t\t\t\t\t\t\t\t\t\t\t\t<div class=\"elementor-swiper-button elementor-swiper-button-prev\" role=\"button\" tabindex=\"0\">\n\t\t\t\t\t\t<i aria-hidden=\"true\" class=\"eicon-chevron-left\"><\/i>\t\t\t\t\t<\/div>\n\t\t\t\t\t<div class=\"elementor-swiper-button elementor-swiper-button-next\" role=\"button\" tabindex=\"0\">\n\t\t\t\t\t\t<i aria-hidden=\"true\" class=\"eicon-chevron-right\"><\/i>\t\t\t\t\t<\/div>\n\t\t\t\t\n\t\t\t\t\t\t\t\t\t<div class=\"swiper-pagination\"><\/div>\n\t\t\t\t\t\t\t\t\t<\/div>\n\t\t\t\t\t\t<\/div>\n\t\t\t\t<\/div>\n\t\t\t\t<div class=\"elementor-element elementor-element-d856afa elementor-widget elementor-widget-spacer\" data-id=\"d856afa\" data-element_type=\"widget\" data-e-type=\"widget\" data-widget_type=\"spacer.default\">\n\t\t\t\t<div class=\"elementor-widget-container\">\n\t\t\t\t\t\t\t<div class=\"elementor-spacer\">\n\t\t\t<div class=\"elementor-spacer-inner\"><\/div>\n\t\t<\/div>\n\t\t\t\t\t\t<\/div>\n\t\t\t\t<\/div>\n\t\t\t\t\t<\/div>\n\t\t<\/div>\n\t\t\t\t\t<\/div>\n\t\t<\/section>\n\t\t\t\t<section class=\"elementor-section elementor-top-section elementor-element elementor-element-7a8c75d elementor-section-boxed elementor-section-height-default elementor-section-height-default\" data-id=\"7a8c75d\" data-element_type=\"section\" data-e-type=\"section\">\n\t\t\t\t\t\t<div class=\"elementor-container elementor-column-gap-default\">\n\t\t\t\t\t<div class=\"elementor-column elementor-col-100 elementor-top-column elementor-element elementor-element-89144b5\" data-id=\"89144b5\" data-element_type=\"column\" data-e-type=\"column\">\n\t\t\t<div class=\"elementor-widget-wrap elementor-element-populated\">\n\t\t\t\t\t\t\t<\/div>\n\t\t<\/div>\n\t\t\t\t\t<\/div>\n\t\t<\/section>\n\t\t\t\t<\/div>\n\t\t","protected":false},"excerpt":{"rendered":"<p>La planta de Acopio de cereales inicia su actividad en 1995, la misma est\u00e1 ubicada sobre las v\u00edas del Ferrocarril en Estaci\u00f3n Torres (Vicu\u00f1a Mackenna),&hellip;<\/p>\n","protected":false},"author":4,"featured_media":0,"parent":0,"menu_order":0,"comment_status":"closed","ping_status":"closed","template":"","meta":{"footnotes":""},"class_list":["post-18","page","type-page","status-publish","hentry"],"_links":{"self":[{"href":"http:\/\/www.leones-sa.com\/index.php\/wp-json\/wp\/v2\/pages\/18","targetHints":{"allow":["GET"]}}],"collection":[{"href":"http:\/\/www.leones-sa.com\/index.php\/wp-json\/wp\/v2\/pages"}],"about":[{"href":"http:\/\/www.leones-sa.com\/index.php\/wp-json\/wp\/v2\/types\/page"}],"author":[{"embeddable":true,"href":"http:\/\/www.leones-sa.com\/index.php\/wp-json\/wp\/v2\/users\/4"}],"replies":[{"embeddable":true,"href":"http:\/\/www.leones-sa.com\/index.php\/wp-json\/wp\/v2\/comments?post=18"}],"version-history":[{"count":68,"href":"http:\/\/www.leones-sa.com\/index.php\/wp-json\/wp\/v2\/pages\/18\/revisions"}],"predecessor-version":[{"id":665,"href":"http:\/\/www.leones-sa.com\/index.php\/wp-json\/wp\/v2\/pages\/18\/revisions\/665"}],"wp:attachment":[{"href":"http:\/\/www.leones-sa.com\/index.php\/wp-json\/wp\/v2\/media?parent=18"}],"curies":[{"name":"wp","href":"https:\/\/api.w.org\/{rel}","templated":true}]}}