{"id":20,"date":"2019-05-28T16:18:37","date_gmt":"2019-05-28T19:18:37","guid":{"rendered":"http:\/\/www.leones-sa.com\/?page_id=20"},"modified":"2019-11-19T12:22:50","modified_gmt":"2019-11-19T15:22:50","slug":"alimentos-balanceados","status":"publish","type":"page","link":"http:\/\/www.leones-sa.com\/index.php\/alimentos-balanceados\/","title":{"rendered":"Alimentos Balanceados"},"content":{"rendered":"\t\t<div data-elementor-type=\"wp-post\" data-elementor-id=\"20\" class=\"elementor elementor-20\">\n\t\t\t\t\t\t<section class=\"elementor-section elementor-top-section elementor-element elementor-element-6101740 elementor-section-boxed elementor-section-height-default elementor-section-height-default\" data-id=\"6101740\" data-element_type=\"section\" data-e-type=\"section\">\n\t\t\t\t\t\t<div class=\"elementor-container elementor-column-gap-default\">\n\t\t\t\t\t<div class=\"elementor-column elementor-col-100 elementor-top-column elementor-element elementor-element-8e9ee7c\" data-id=\"8e9ee7c\" data-element_type=\"column\" data-e-type=\"column\">\n\t\t\t<div class=\"elementor-widget-wrap elementor-element-populated\">\n\t\t\t\t\t\t<div class=\"elementor-element elementor-element-e407236 elementor-widget elementor-widget-text-editor\" data-id=\"e407236\" data-element_type=\"widget\" data-e-type=\"widget\" data-widget_type=\"text-editor.default\">\n\t\t\t\t<div class=\"elementor-widget-container\">\n\t\t\t\t\t\t\t\t\t<p>El \u00e1rea de Alimentos balanceados Leblek inicia sus actividades en el a\u00f1o 1995 y cuenta actualmente con una capacidad de producci\u00f3n de 4000 tn por mes.<\/p><p>Todos nuestros productos est\u00e1n elaborados a partir de insumos que cumplen con los altos niveles de calidad y estabilidad que exigimos a nuestros proveedores, en especial el hominy feed, un subproducto del ma\u00edz de excelentes propiedades nutritivas que obtenemos en nuestro molino de ma\u00edz, que sumado al proceso que el extrusor realiza sobre algunos insumos, nos permite mejorar las caracter\u00edsticas f\u00edsicas y qu\u00edmicas de los cereales y oleaginosas, as\u00ed podemos asegurar el mejor complemento posible a la base forrajera disponible en cada momento del a\u00f1o.<\/p>\t\t\t\t\t\t\t\t<\/div>\n\t\t\t\t<\/div>\n\t\t\t\t\t<\/div>\n\t\t<\/div>\n\t\t\t\t\t<\/div>\n\t\t<\/section>\n\t\t\t\t<section class=\"elementor-section elementor-top-section elementor-element elementor-element-2d55470 elementor-section-boxed elementor-section-height-default elementor-section-height-default\" data-id=\"2d55470\" data-element_type=\"section\" data-e-type=\"section\">\n\t\t\t\t\t\t<div class=\"elementor-container elementor-column-gap-default\">\n\t\t\t\t\t<div class=\"elementor-column elementor-col-66 elementor-top-column elementor-element elementor-element-be0822b\" data-id=\"be0822b\" data-element_type=\"column\" data-e-type=\"column\">\n\t\t\t<div class=\"elementor-widget-wrap elementor-element-populated\">\n\t\t\t\t\t\t<div class=\"elementor-element elementor-element-a35cb93 elementor-widget elementor-widget-text-editor\" data-id=\"a35cb93\" data-element_type=\"widget\" data-e-type=\"widget\" data-widget_type=\"text-editor.default\">\n\t\t\t\t<div class=\"elementor-widget-container\">\n\t\t\t\t\t\t\t\t\t<h2 style=\"text-align: center;\"><span style=\"color: #96040b;\">SERVICIOS<\/span><\/h2>\n<ul>\n \t<li>Formulaciones a medida de sus necesidades.<\/li>\n \t<li>Asesoramiento personalizado para dise\u00f1ar estrategias de alimentaci\u00f3n.<\/li>\n \t<li>Visitas a campos.<\/li>\n \t<li>Laboratorio de an\u00e1lisis de pasturas o forrajes.<\/li>\n<\/ul>\t\t\t\t\t\t\t\t<\/div>\n\t\t\t\t<\/div>\n\t\t\t\t\t<\/div>\n\t\t<\/div>\n\t\t\t\t<div class=\"elementor-column elementor-col-33 elementor-top-column elementor-element elementor-element-150d116\" data-id=\"150d116\" data-element_type=\"column\" data-e-type=\"column\">\n\t\t\t<div class=\"elementor-widget-wrap elementor-element-populated\">\n\t\t\t\t\t\t<div class=\"elementor-element elementor-element-a47cbe6 elementor-widget elementor-widget-text-editor\" data-id=\"a47cbe6\" data-element_type=\"widget\" data-e-type=\"widget\" data-widget_type=\"text-editor.default\">\n\t\t\t\t<div class=\"elementor-widget-container\">\n\t\t\t\t\t\t\t\t\t<h2 style=\"text-align: center;\"><span style=\"color: #96040b;\">PRODUCTOS<\/span><\/h2><p><img decoding=\"async\" class=\"alignleft wp-image-275 size-full\" src=\"http:\/\/www.leones-sa.com\/wp-content\/uploads\/2019\/06\/icono-PDF-bordo.png\" alt=\"\" width=\"36\" height=\"42\" srcset=\"http:\/\/www.leones-sa.com\/wp-content\/uploads\/2019\/06\/icono-PDF-bordo.png 360w, http:\/\/www.leones-sa.com\/wp-content\/uploads\/2019\/06\/icono-PDF-bordo-258x300.png 258w\" sizes=\"(max-width: 36px) 100vw, 36px\" \/><a href=\"http:\/\/www.leones-sa.com\/wp-content\/uploads\/2019\/11\/bovinos-desarrollo.pdf\" target=\"_blank\" rel=\"noopener\">Bovinos Desarrollo<\/a><\/p><p><img decoding=\"async\" class=\"alignleft wp-image-275 size-full\" src=\"http:\/\/www.leones-sa.com\/wp-content\/uploads\/2019\/06\/icono-PDF-bordo.png\" alt=\"\" width=\"36\" height=\"42\" srcset=\"http:\/\/www.leones-sa.com\/wp-content\/uploads\/2019\/06\/icono-PDF-bordo.png 360w, http:\/\/www.leones-sa.com\/wp-content\/uploads\/2019\/06\/icono-PDF-bordo-258x300.png 258w\" sizes=\"(max-width: 36px) 100vw, 36px\" \/><a href=\"http:\/\/www.leones-sa.com\/wp-content\/uploads\/2019\/09\/sal-proteica-100.pdf\" target=\"_blank\" rel=\"noopener\">Sal Vaca de Cr\u00eda 100<\/a><\/p><p><img decoding=\"async\" class=\"alignleft wp-image-275 size-full\" src=\"http:\/\/www.leones-sa.com\/wp-content\/uploads\/2019\/06\/icono-PDF-bordo.png\" alt=\"\" width=\"36\" height=\"42\" srcset=\"http:\/\/www.leones-sa.com\/wp-content\/uploads\/2019\/06\/icono-PDF-bordo.png 360w, http:\/\/www.leones-sa.com\/wp-content\/uploads\/2019\/06\/icono-PDF-bordo-258x300.png 258w\" sizes=\"(max-width: 36px) 100vw, 36px\" \/><a href=\"http:\/\/www.leones-sa.com\/wp-content\/uploads\/2019\/09\/sal-proteica-500.pdf\" target=\"_blank\" rel=\"noopener\">Sal Vaca de Cr\u00eda 500<\/a><\/p><p><img decoding=\"async\" class=\"alignleft wp-image-275 size-full\" src=\"http:\/\/www.leones-sa.com\/wp-content\/uploads\/2019\/06\/icono-PDF-bordo.png\" alt=\"\" width=\"36\" height=\"42\" srcset=\"http:\/\/www.leones-sa.com\/wp-content\/uploads\/2019\/06\/icono-PDF-bordo.png 360w, http:\/\/www.leones-sa.com\/wp-content\/uploads\/2019\/06\/icono-PDF-bordo-258x300.png 258w\" sizes=\"(max-width: 36px) 100vw, 36px\" \/><a href=\"http:\/\/www.leones-sa.com\/wp-content\/uploads\/2019\/09\/concentrado-10.pdf\" target=\"_blank\" rel=\"noopener\">Concentrado 10%<\/a><\/p><p><img decoding=\"async\" class=\"alignleft wp-image-275 size-full\" src=\"http:\/\/www.leones-sa.com\/wp-content\/uploads\/2019\/06\/icono-PDF-bordo.png\" alt=\"\" width=\"36\" height=\"42\" srcset=\"http:\/\/www.leones-sa.com\/wp-content\/uploads\/2019\/06\/icono-PDF-bordo.png 360w, http:\/\/www.leones-sa.com\/wp-content\/uploads\/2019\/06\/icono-PDF-bordo-258x300.png 258w\" sizes=\"(max-width: 36px) 100vw, 36px\" \/><a href=\"http:\/\/www.leones-sa.com\/wp-content\/uploads\/2019\/09\/destete-precoz.pdf\" target=\"_blank\" rel=\"noopener\">Destete Precoz<\/a><\/p><p><img decoding=\"async\" class=\"alignleft wp-image-275 size-full\" src=\"http:\/\/www.leones-sa.com\/wp-content\/uploads\/2019\/06\/icono-PDF-bordo.png\" alt=\"\" width=\"36\" height=\"42\" srcset=\"http:\/\/www.leones-sa.com\/wp-content\/uploads\/2019\/06\/icono-PDF-bordo.png 360w, http:\/\/www.leones-sa.com\/wp-content\/uploads\/2019\/06\/icono-PDF-bordo-258x300.png 258w\" sizes=\"(max-width: 36px) 100vw, 36px\" \/><a href=\"http:\/\/www.leones-sa.com\/wp-content\/uploads\/2019\/09\/novillo-engorde.pdf\" target=\"_blank\" rel=\"noopener\">Novillo Engorde<\/a><\/p><p><img decoding=\"async\" class=\"alignleft wp-image-275 size-full\" src=\"http:\/\/www.leones-sa.com\/wp-content\/uploads\/2019\/06\/icono-PDF-bordo.png\" alt=\"\" width=\"36\" height=\"42\" srcset=\"http:\/\/www.leones-sa.com\/wp-content\/uploads\/2019\/06\/icono-PDF-bordo.png 360w, http:\/\/www.leones-sa.com\/wp-content\/uploads\/2019\/06\/icono-PDF-bordo-258x300.png 258w\" sizes=\"(max-width: 36px) 100vw, 36px\" \/><a href=\"http:\/\/www.leones-sa.com\/wp-content\/uploads\/2019\/09\/sal-lactancia.pdf\" target=\"_blank\" rel=\"noopener\">Sal Lactancia<\/a><\/p><p><img decoding=\"async\" class=\"alignleft wp-image-275 size-full\" src=\"http:\/\/www.leones-sa.com\/wp-content\/uploads\/2019\/06\/icono-PDF-bordo.png\" alt=\"\" width=\"36\" height=\"42\" srcset=\"http:\/\/www.leones-sa.com\/wp-content\/uploads\/2019\/06\/icono-PDF-bordo.png 360w, http:\/\/www.leones-sa.com\/wp-content\/uploads\/2019\/06\/icono-PDF-bordo-258x300.png 258w\" sizes=\"(max-width: 36px) 100vw, 36px\" \/><a href=\"http:\/\/www.leones-sa.com\/wp-content\/uploads\/2019\/09\/lechera-ae.pdf\" target=\"_blank\" rel=\"noopener\">Lecheras AE<\/a><\/p><p><img decoding=\"async\" class=\"alignleft wp-image-275 size-full\" src=\"http:\/\/www.leones-sa.com\/wp-content\/uploads\/2019\/06\/icono-PDF-bordo.png\" alt=\"\" width=\"36\" height=\"42\" srcset=\"http:\/\/www.leones-sa.com\/wp-content\/uploads\/2019\/06\/icono-PDF-bordo.png 360w, http:\/\/www.leones-sa.com\/wp-content\/uploads\/2019\/06\/icono-PDF-bordo-258x300.png 258w\" sizes=\"(max-width: 36px) 100vw, 36px\" \/><a href=\"http:\/\/www.leones-sa.com\/wp-content\/uploads\/2019\/09\/Destete-Hiperprecoz-Magna-Terneros.pdf\" target=\"_blank\" rel=\"noopener\">Destete Hiperprecoz<\/a><\/p>\t\t\t\t\t\t\t\t<\/div>\n\t\t\t\t<\/div>\n\t\t\t\t\t<\/div>\n\t\t<\/div>\n\t\t\t\t\t<\/div>\n\t\t<\/section>\n\t\t\t\t<section class=\"elementor-section elementor-top-section elementor-element elementor-element-2b70bb2 elementor-section-boxed elementor-section-height-default elementor-section-height-default\" data-id=\"2b70bb2\" data-element_type=\"section\" data-e-type=\"section\">\n\t\t\t\t\t\t<div class=\"elementor-container elementor-column-gap-default\">\n\t\t\t\t\t<div class=\"elementor-column elementor-col-100 elementor-top-column elementor-element elementor-element-2434ea3\" data-id=\"2434ea3\" data-element_type=\"column\" data-e-type=\"column\">\n\t\t\t<div class=\"elementor-widget-wrap elementor-element-populated\">\n\t\t\t\t\t\t<div class=\"elementor-element elementor-element-b8f3236 elementor-widget-divider--view-line elementor-widget elementor-widget-divider\" data-id=\"b8f3236\" data-element_type=\"widget\" data-e-type=\"widget\" data-widget_type=\"divider.default\">\n\t\t\t\t<div class=\"elementor-widget-container\">\n\t\t\t\t\t\t\t<div class=\"elementor-divider\">\n\t\t\t<span class=\"elementor-divider-separator\">\n\t\t\t\t\t\t<\/span>\n\t\t<\/div>\n\t\t\t\t\t\t<\/div>\n\t\t\t\t<\/div>\n\t\t\t\t\t<\/div>\n\t\t<\/div>\n\t\t\t\t\t<\/div>\n\t\t<\/section>\n\t\t\t\t<section class=\"elementor-section elementor-top-section elementor-element elementor-element-7903b22 elementor-section-boxed elementor-section-height-default elementor-section-height-default\" data-id=\"7903b22\" data-element_type=\"section\" data-e-type=\"section\">\n\t\t\t\t\t\t<div class=\"elementor-container elementor-column-gap-default\">\n\t\t\t\t\t<div class=\"elementor-column elementor-col-100 elementor-top-column elementor-element elementor-element-cca7584\" data-id=\"cca7584\" data-element_type=\"column\" data-e-type=\"column\">\n\t\t\t<div class=\"elementor-widget-wrap elementor-element-populated\">\n\t\t\t\t\t\t<div class=\"elementor-element elementor-element-9c2482d elementor-arrows-position-inside elementor-pagination-position-outside elementor-widget elementor-widget-image-carousel\" data-id=\"9c2482d\" data-element_type=\"widget\" data-e-type=\"widget\" data-settings=\"{&quot;navigation&quot;:&quot;both&quot;,&quot;autoplay&quot;:&quot;yes&quot;,&quot;pause_on_hover&quot;:&quot;yes&quot;,&quot;pause_on_interaction&quot;:&quot;yes&quot;,&quot;autoplay_speed&quot;:5000,&quot;infinite&quot;:&quot;yes&quot;,&quot;speed&quot;:500}\" data-widget_type=\"image-carousel.default\">\n\t\t\t\t<div class=\"elementor-widget-container\">\n\t\t\t\t\t\t\t<div class=\"elementor-image-carousel-wrapper swiper\" role=\"region\" aria-roledescription=\"carousel\" aria-label=\"Carrusel de im\u00e1genes\" dir=\"ltr\">\n\t\t\t<div class=\"elementor-image-carousel swiper-wrapper\" aria-live=\"off\">\n\t\t\t\t\t\t\t\t<div class=\"swiper-slide\" role=\"group\" aria-roledescription=\"slide\" aria-label=\"1 of 8\"><a data-elementor-open-lightbox=\"yes\" data-elementor-lightbox-slideshow=\"9c2482d\" data-elementor-lightbox-title=\"leones-de-bleek-alimentos-balanceados (8)\" data-e-action-hash=\"#elementor-action%3Aaction%3Dlightbox%26settings%3DeyJpZCI6NDc0LCJ1cmwiOiJodHRwOlwvXC93d3cubGVvbmVzLXNhLmNvbVwvd3AtY29udGVudFwvdXBsb2Fkc1wvMjAxOVwvMDhcL2xlb25lcy1kZS1ibGVlay1hbGltZW50b3MtYmFsYW5jZWFkb3MtOC5qcGciLCJzbGlkZXNob3ciOiI5YzI0ODJkIn0%3D\" href=\"http:\/\/www.leones-sa.com\/wp-content\/uploads\/2019\/08\/leones-de-bleek-alimentos-balanceados-8.jpg\"><figure class=\"swiper-slide-inner\"><img decoding=\"async\" class=\"swiper-slide-image\" src=\"http:\/\/www.leones-sa.com\/wp-content\/uploads\/2019\/08\/leones-de-bleek-alimentos-balanceados-8.jpg\" alt=\"leones-de-bleek-alimentos-balanceados (8)\" \/><\/figure><\/a><\/div><div class=\"swiper-slide\" role=\"group\" aria-roledescription=\"slide\" aria-label=\"2 of 8\"><a data-elementor-open-lightbox=\"yes\" data-elementor-lightbox-slideshow=\"9c2482d\" data-elementor-lightbox-title=\"leones-de-bleek-alimentos-balanceados (7)\" data-e-action-hash=\"#elementor-action%3Aaction%3Dlightbox%26settings%3DeyJpZCI6NDczLCJ1cmwiOiJodHRwOlwvXC93d3cubGVvbmVzLXNhLmNvbVwvd3AtY29udGVudFwvdXBsb2Fkc1wvMjAxOVwvMDhcL2xlb25lcy1kZS1ibGVlay1hbGltZW50b3MtYmFsYW5jZWFkb3MtNy5qcGciLCJzbGlkZXNob3ciOiI5YzI0ODJkIn0%3D\" href=\"http:\/\/www.leones-sa.com\/wp-content\/uploads\/2019\/08\/leones-de-bleek-alimentos-balanceados-7.jpg\"><figure class=\"swiper-slide-inner\"><img decoding=\"async\" class=\"swiper-slide-image\" src=\"http:\/\/www.leones-sa.com\/wp-content\/uploads\/2019\/08\/leones-de-bleek-alimentos-balanceados-7.jpg\" alt=\"leones-de-bleek-alimentos-balanceados (7)\" \/><\/figure><\/a><\/div><div class=\"swiper-slide\" role=\"group\" aria-roledescription=\"slide\" aria-label=\"3 of 8\"><a data-elementor-open-lightbox=\"yes\" data-elementor-lightbox-slideshow=\"9c2482d\" data-elementor-lightbox-title=\"leones-de-bleek-alimentos-balanceados (6)\" data-e-action-hash=\"#elementor-action%3Aaction%3Dlightbox%26settings%3DeyJpZCI6NDcyLCJ1cmwiOiJodHRwOlwvXC93d3cubGVvbmVzLXNhLmNvbVwvd3AtY29udGVudFwvdXBsb2Fkc1wvMjAxOVwvMDhcL2xlb25lcy1kZS1ibGVlay1hbGltZW50b3MtYmFsYW5jZWFkb3MtNi5qcGciLCJzbGlkZXNob3ciOiI5YzI0ODJkIn0%3D\" href=\"http:\/\/www.leones-sa.com\/wp-content\/uploads\/2019\/08\/leones-de-bleek-alimentos-balanceados-6.jpg\"><figure class=\"swiper-slide-inner\"><img decoding=\"async\" class=\"swiper-slide-image\" src=\"http:\/\/www.leones-sa.com\/wp-content\/uploads\/2019\/08\/leones-de-bleek-alimentos-balanceados-6.jpg\" alt=\"leones-de-bleek-alimentos-balanceados (6)\" \/><\/figure><\/a><\/div><div class=\"swiper-slide\" role=\"group\" aria-roledescription=\"slide\" aria-label=\"4 of 8\"><a data-elementor-open-lightbox=\"yes\" data-elementor-lightbox-slideshow=\"9c2482d\" data-elementor-lightbox-title=\"leones-de-bleek-alimentos-balanceados (5)\" data-e-action-hash=\"#elementor-action%3Aaction%3Dlightbox%26settings%3DeyJpZCI6NDcxLCJ1cmwiOiJodHRwOlwvXC93d3cubGVvbmVzLXNhLmNvbVwvd3AtY29udGVudFwvdXBsb2Fkc1wvMjAxOVwvMDhcL2xlb25lcy1kZS1ibGVlay1hbGltZW50b3MtYmFsYW5jZWFkb3MtNS5qcGciLCJzbGlkZXNob3ciOiI5YzI0ODJkIn0%3D\" href=\"http:\/\/www.leones-sa.com\/wp-content\/uploads\/2019\/08\/leones-de-bleek-alimentos-balanceados-5.jpg\"><figure class=\"swiper-slide-inner\"><img decoding=\"async\" class=\"swiper-slide-image\" src=\"http:\/\/www.leones-sa.com\/wp-content\/uploads\/2019\/08\/leones-de-bleek-alimentos-balanceados-5.jpg\" alt=\"leones-de-bleek-alimentos-balanceados (5)\" \/><\/figure><\/a><\/div><div class=\"swiper-slide\" role=\"group\" aria-roledescription=\"slide\" aria-label=\"5 of 8\"><a data-elementor-open-lightbox=\"yes\" data-elementor-lightbox-slideshow=\"9c2482d\" data-elementor-lightbox-title=\"leones-de-bleek-alimentos-balanceados (4)\" data-e-action-hash=\"#elementor-action%3Aaction%3Dlightbox%26settings%3DeyJpZCI6NDcwLCJ1cmwiOiJodHRwOlwvXC93d3cubGVvbmVzLXNhLmNvbVwvd3AtY29udGVudFwvdXBsb2Fkc1wvMjAxOVwvMDhcL2xlb25lcy1kZS1ibGVlay1hbGltZW50b3MtYmFsYW5jZWFkb3MtNC5qcGciLCJzbGlkZXNob3ciOiI5YzI0ODJkIn0%3D\" href=\"http:\/\/www.leones-sa.com\/wp-content\/uploads\/2019\/08\/leones-de-bleek-alimentos-balanceados-4.jpg\"><figure class=\"swiper-slide-inner\"><img decoding=\"async\" class=\"swiper-slide-image\" src=\"http:\/\/www.leones-sa.com\/wp-content\/uploads\/2019\/08\/leones-de-bleek-alimentos-balanceados-4.jpg\" alt=\"leones-de-bleek-alimentos-balanceados (4)\" \/><\/figure><\/a><\/div><div class=\"swiper-slide\" role=\"group\" aria-roledescription=\"slide\" aria-label=\"6 of 8\"><a data-elementor-open-lightbox=\"yes\" data-elementor-lightbox-slideshow=\"9c2482d\" data-elementor-lightbox-title=\"leones-de-bleek-alimentos-balanceados (3)\" data-e-action-hash=\"#elementor-action%3Aaction%3Dlightbox%26settings%3DeyJpZCI6NDY5LCJ1cmwiOiJodHRwOlwvXC93d3cubGVvbmVzLXNhLmNvbVwvd3AtY29udGVudFwvdXBsb2Fkc1wvMjAxOVwvMDhcL2xlb25lcy1kZS1ibGVlay1hbGltZW50b3MtYmFsYW5jZWFkb3MtMy5qcGciLCJzbGlkZXNob3ciOiI5YzI0ODJkIn0%3D\" href=\"http:\/\/www.leones-sa.com\/wp-content\/uploads\/2019\/08\/leones-de-bleek-alimentos-balanceados-3.jpg\"><figure class=\"swiper-slide-inner\"><img decoding=\"async\" class=\"swiper-slide-image\" src=\"http:\/\/www.leones-sa.com\/wp-content\/uploads\/2019\/08\/leones-de-bleek-alimentos-balanceados-3.jpg\" alt=\"leones-de-bleek-alimentos-balanceados (3)\" \/><\/figure><\/a><\/div><div class=\"swiper-slide\" role=\"group\" aria-roledescription=\"slide\" aria-label=\"7 of 8\"><a data-elementor-open-lightbox=\"yes\" data-elementor-lightbox-slideshow=\"9c2482d\" data-elementor-lightbox-title=\"leones-de-bleek-alimentos-balanceados (2)\" data-e-action-hash=\"#elementor-action%3Aaction%3Dlightbox%26settings%3DeyJpZCI6NDY4LCJ1cmwiOiJodHRwOlwvXC93d3cubGVvbmVzLXNhLmNvbVwvd3AtY29udGVudFwvdXBsb2Fkc1wvMjAxOVwvMDhcL2xlb25lcy1kZS1ibGVlay1hbGltZW50b3MtYmFsYW5jZWFkb3MtMi5qcGciLCJzbGlkZXNob3ciOiI5YzI0ODJkIn0%3D\" href=\"http:\/\/www.leones-sa.com\/wp-content\/uploads\/2019\/08\/leones-de-bleek-alimentos-balanceados-2.jpg\"><figure class=\"swiper-slide-inner\"><img decoding=\"async\" class=\"swiper-slide-image\" src=\"http:\/\/www.leones-sa.com\/wp-content\/uploads\/2019\/08\/leones-de-bleek-alimentos-balanceados-2.jpg\" alt=\"leones-de-bleek-alimentos-balanceados (2)\" \/><\/figure><\/a><\/div><div class=\"swiper-slide\" role=\"group\" aria-roledescription=\"slide\" aria-label=\"8 of 8\"><a data-elementor-open-lightbox=\"yes\" data-elementor-lightbox-slideshow=\"9c2482d\" data-elementor-lightbox-title=\"leones-de-bleek-alimentos-balanceados (1)\" data-e-action-hash=\"#elementor-action%3Aaction%3Dlightbox%26settings%3DeyJpZCI6NDY3LCJ1cmwiOiJodHRwOlwvXC93d3cubGVvbmVzLXNhLmNvbVwvd3AtY29udGVudFwvdXBsb2Fkc1wvMjAxOVwvMDhcL2xlb25lcy1kZS1ibGVlay1hbGltZW50b3MtYmFsYW5jZWFkb3MtMS5qcGciLCJzbGlkZXNob3ciOiI5YzI0ODJkIn0%3D\" href=\"http:\/\/www.leones-sa.com\/wp-content\/uploads\/2019\/08\/leones-de-bleek-alimentos-balanceados-1.jpg\"><figure class=\"swiper-slide-inner\"><img decoding=\"async\" class=\"swiper-slide-image\" src=\"http:\/\/www.leones-sa.com\/wp-content\/uploads\/2019\/08\/leones-de-bleek-alimentos-balanceados-1.jpg\" alt=\"leones-de-bleek-alimentos-balanceados (1)\" \/><\/figure><\/a><\/div>\t\t\t<\/div>\n\t\t\t\t\t\t\t\t\t\t\t\t<div class=\"elementor-swiper-button elementor-swiper-button-prev\" role=\"button\" tabindex=\"0\">\n\t\t\t\t\t\t<i aria-hidden=\"true\" class=\"eicon-chevron-left\"><\/i>\t\t\t\t\t<\/div>\n\t\t\t\t\t<div class=\"elementor-swiper-button elementor-swiper-button-next\" role=\"button\" tabindex=\"0\">\n\t\t\t\t\t\t<i aria-hidden=\"true\" class=\"eicon-chevron-right\"><\/i>\t\t\t\t\t<\/div>\n\t\t\t\t\n\t\t\t\t\t\t\t\t\t<div class=\"swiper-pagination\"><\/div>\n\t\t\t\t\t\t\t\t\t<\/div>\n\t\t\t\t\t\t<\/div>\n\t\t\t\t<\/div>\n\t\t\t\t<div class=\"elementor-element elementor-element-c220eed elementor-widget elementor-widget-spacer\" data-id=\"c220eed\" data-element_type=\"widget\" data-e-type=\"widget\" data-widget_type=\"spacer.default\">\n\t\t\t\t<div class=\"elementor-widget-container\">\n\t\t\t\t\t\t\t<div class=\"elementor-spacer\">\n\t\t\t<div class=\"elementor-spacer-inner\"><\/div>\n\t\t<\/div>\n\t\t\t\t\t\t<\/div>\n\t\t\t\t<\/div>\n\t\t\t\t\t<\/div>\n\t\t<\/div>\n\t\t\t\t\t<\/div>\n\t\t<\/section>\n\t\t\t\t<section class=\"elementor-section elementor-top-section elementor-element elementor-element-a1ccf0c elementor-section-boxed elementor-section-height-default elementor-section-height-default\" data-id=\"a1ccf0c\" data-element_type=\"section\" data-e-type=\"section\">\n\t\t\t\t\t\t<div class=\"elementor-container elementor-column-gap-default\">\n\t\t\t\t\t<div class=\"elementor-column elementor-col-100 elementor-top-column elementor-element elementor-element-6b581fe\" data-id=\"6b581fe\" data-element_type=\"column\" data-e-type=\"column\">\n\t\t\t<div class=\"elementor-widget-wrap elementor-element-populated\">\n\t\t\t\t\t\t\t<\/div>\n\t\t<\/div>\n\t\t\t\t\t<\/div>\n\t\t<\/section>\n\t\t\t\t<\/div>\n\t\t","protected":false},"excerpt":{"rendered":"<p>El \u00e1rea de Alimentos balanceados Leblek inicia sus actividades en el a\u00f1o 1995 y cuenta actualmente con una capacidad de producci\u00f3n de 4000 tn por&hellip;<\/p>\n","protected":false},"author":4,"featured_media":0,"parent":0,"menu_order":0,"comment_status":"closed","ping_status":"closed","template":"","meta":{"footnotes":""},"class_list":["post-20","page","type-page","status-publish","hentry"],"_links":{"self":[{"href":"http:\/\/www.leones-sa.com\/index.php\/wp-json\/wp\/v2\/pages\/20","targetHints":{"allow":["GET"]}}],"collection":[{"href":"http:\/\/www.leones-sa.com\/index.php\/wp-json\/wp\/v2\/pages"}],"about":[{"href":"http:\/\/www.leones-sa.com\/index.php\/wp-json\/wp\/v2\/types\/page"}],"author":[{"embeddable":true,"href":"http:\/\/www.leones-sa.com\/index.php\/wp-json\/wp\/v2\/users\/4"}],"replies":[{"embeddable":true,"href":"http:\/\/www.leones-sa.com\/index.php\/wp-json\/wp\/v2\/comments?post=20"}],"version-history":[{"count":36,"href":"http:\/\/www.leones-sa.com\/index.php\/wp-json\/wp\/v2\/pages\/20\/revisions"}],"predecessor-version":[{"id":708,"href":"http:\/\/www.leones-sa.com\/index.php\/wp-json\/wp\/v2\/pages\/20\/revisions\/708"}],"wp:attachment":[{"href":"http:\/\/www.leones-sa.com\/index.php\/wp-json\/wp\/v2\/media?parent=20"}],"curies":[{"name":"wp","href":"https:\/\/api.w.org\/{rel}","templated":true}]}}