{"id":22,"date":"2019-05-28T16:19:02","date_gmt":"2019-05-28T19:19:02","guid":{"rendered":"http:\/\/www.leones-sa.com\/?page_id=22"},"modified":"2019-09-02T13:21:04","modified_gmt":"2019-09-02T16:21:04","slug":"planta-de-sales","status":"publish","type":"page","link":"http:\/\/www.leones-sa.com\/index.php\/planta-de-sales\/","title":{"rendered":"Planta de Sales"},"content":{"rendered":"\t\t<div data-elementor-type=\"wp-post\" data-elementor-id=\"22\" class=\"elementor elementor-22\">\n\t\t\t\t\t\t<section class=\"elementor-section elementor-top-section elementor-element elementor-element-03fb294 elementor-section-boxed elementor-section-height-default elementor-section-height-default\" data-id=\"03fb294\" data-element_type=\"section\" data-e-type=\"section\">\n\t\t\t\t\t\t<div class=\"elementor-container elementor-column-gap-default\">\n\t\t\t\t\t<div class=\"elementor-column elementor-col-100 elementor-top-column elementor-element elementor-element-6547ade\" data-id=\"6547ade\" data-element_type=\"column\" data-e-type=\"column\">\n\t\t\t<div class=\"elementor-widget-wrap elementor-element-populated\">\n\t\t\t\t\t\t<div class=\"elementor-element elementor-element-4c33265 elementor-widget elementor-widget-text-editor\" data-id=\"4c33265\" data-element_type=\"widget\" data-e-type=\"widget\" data-widget_type=\"text-editor.default\">\n\t\t\t\t<div class=\"elementor-widget-container\">\n\t\t\t\t\t\t\t\t\t<p>Esta moderna planta se encuentra equipada con tecnolog\u00eda apropiada para dar precisi\u00f3n y confiabilidad a las mezclas de minerales y aditivos destinados a balancear dietas para producciones de carne y leche.<\/p><p>Por su intensificaci\u00f3n, los desaf\u00edos que la actividad enfrenta en estos tiempos exigen rigurosos controles y calidad asegurada en cada uno de nuestros productos.<\/p><p>Estos son formulados para cada categor\u00eda y situaci\u00f3n particular sean estas suplementaciones a campo o confinamiento.<\/p><p>Su uso ser\u00e1 recomendado por un profesional que ajustar\u00e1 la composici\u00f3n a los requerimientos de los planteles a suplementar evaluando el contexto, monitoreando la forma correcta de uso y resultados parciales de las mismas. Para ello ponemos a disposici\u00f3n del productor una amplia gama de recursos como promotores de crecimiento, levaduras, amino\u00e1cidos protegidos, minerales quelatados, antibi\u00f3ticos, buffers que aseguran el m\u00e1ximo potencial productivo corrigiendo las deficiencias que se puedan presentar.<\/p>\t\t\t\t\t\t\t\t<\/div>\n\t\t\t\t<\/div>\n\t\t\t\t\t<\/div>\n\t\t<\/div>\n\t\t\t\t\t<\/div>\n\t\t<\/section>\n\t\t\t\t<section class=\"elementor-section elementor-top-section elementor-element elementor-element-65847e8 elementor-section-boxed elementor-section-height-default elementor-section-height-default\" data-id=\"65847e8\" data-element_type=\"section\" data-e-type=\"section\">\n\t\t\t\t\t\t<div class=\"elementor-container elementor-column-gap-default\">\n\t\t\t\t\t<div class=\"elementor-column elementor-col-100 elementor-top-column elementor-element elementor-element-49193dc\" data-id=\"49193dc\" data-element_type=\"column\" data-e-type=\"column\">\n\t\t\t<div class=\"elementor-widget-wrap elementor-element-populated\">\n\t\t\t\t\t\t<div class=\"elementor-element elementor-element-33e9ab5 elementor-widget-divider--view-line elementor-widget elementor-widget-divider\" data-id=\"33e9ab5\" data-element_type=\"widget\" data-e-type=\"widget\" data-widget_type=\"divider.default\">\n\t\t\t\t<div class=\"elementor-widget-container\">\n\t\t\t\t\t\t\t<div class=\"elementor-divider\">\n\t\t\t<span class=\"elementor-divider-separator\">\n\t\t\t\t\t\t<\/span>\n\t\t<\/div>\n\t\t\t\t\t\t<\/div>\n\t\t\t\t<\/div>\n\t\t\t\t<div class=\"elementor-element elementor-element-e2eecaf elementor-arrows-position-inside elementor-pagination-position-outside elementor-widget elementor-widget-image-carousel\" data-id=\"e2eecaf\" data-element_type=\"widget\" data-e-type=\"widget\" data-settings=\"{&quot;navigation&quot;:&quot;both&quot;,&quot;autoplay&quot;:&quot;yes&quot;,&quot;pause_on_hover&quot;:&quot;yes&quot;,&quot;pause_on_interaction&quot;:&quot;yes&quot;,&quot;autoplay_speed&quot;:5000,&quot;infinite&quot;:&quot;yes&quot;,&quot;speed&quot;:500}\" data-widget_type=\"image-carousel.default\">\n\t\t\t\t<div class=\"elementor-widget-container\">\n\t\t\t\t\t\t\t<div class=\"elementor-image-carousel-wrapper swiper\" role=\"region\" aria-roledescription=\"carousel\" aria-label=\"Carrusel de im\u00e1genes\" dir=\"ltr\">\n\t\t\t<div class=\"elementor-image-carousel swiper-wrapper\" aria-live=\"off\">\n\t\t\t\t\t\t\t\t<div class=\"swiper-slide\" role=\"group\" aria-roledescription=\"slide\" aria-label=\"1 of 8\"><a data-elementor-open-lightbox=\"yes\" data-elementor-lightbox-slideshow=\"e2eecaf\" data-elementor-lightbox-title=\"planta-de-sales-03\" data-e-action-hash=\"#elementor-action%3Aaction%3Dlightbox%26settings%3DeyJpZCI6NTU4LCJ1cmwiOiJodHRwOlwvXC93d3cubGVvbmVzLXNhLmNvbVwvd3AtY29udGVudFwvdXBsb2Fkc1wvMjAxOVwvMDhcL3BsYW50YS1kZS1zYWxlcy0wMy5qcGciLCJzbGlkZXNob3ciOiJlMmVlY2FmIn0%3D\" href=\"http:\/\/www.leones-sa.com\/wp-content\/uploads\/2019\/08\/planta-de-sales-03.jpg\"><figure class=\"swiper-slide-inner\"><img decoding=\"async\" class=\"swiper-slide-image\" src=\"http:\/\/www.leones-sa.com\/wp-content\/uploads\/2019\/08\/planta-de-sales-03.jpg\" alt=\"planta-de-sales-03\" \/><\/figure><\/a><\/div><div class=\"swiper-slide\" role=\"group\" aria-roledescription=\"slide\" aria-label=\"2 of 8\"><a data-elementor-open-lightbox=\"yes\" data-elementor-lightbox-slideshow=\"e2eecaf\" data-elementor-lightbox-title=\"planta-de-sales-02\" data-e-action-hash=\"#elementor-action%3Aaction%3Dlightbox%26settings%3DeyJpZCI6NTU3LCJ1cmwiOiJodHRwOlwvXC93d3cubGVvbmVzLXNhLmNvbVwvd3AtY29udGVudFwvdXBsb2Fkc1wvMjAxOVwvMDhcL3BsYW50YS1kZS1zYWxlcy0wMi5qcGciLCJzbGlkZXNob3ciOiJlMmVlY2FmIn0%3D\" href=\"http:\/\/www.leones-sa.com\/wp-content\/uploads\/2019\/08\/planta-de-sales-02.jpg\"><figure class=\"swiper-slide-inner\"><img decoding=\"async\" class=\"swiper-slide-image\" src=\"http:\/\/www.leones-sa.com\/wp-content\/uploads\/2019\/08\/planta-de-sales-02.jpg\" alt=\"planta-de-sales-02\" \/><\/figure><\/a><\/div><div class=\"swiper-slide\" role=\"group\" aria-roledescription=\"slide\" aria-label=\"3 of 8\"><a data-elementor-open-lightbox=\"yes\" data-elementor-lightbox-slideshow=\"e2eecaf\" data-elementor-lightbox-title=\"planta-de-sales-01\" data-e-action-hash=\"#elementor-action%3Aaction%3Dlightbox%26settings%3DeyJpZCI6NTU2LCJ1cmwiOiJodHRwOlwvXC93d3cubGVvbmVzLXNhLmNvbVwvd3AtY29udGVudFwvdXBsb2Fkc1wvMjAxOVwvMDhcL3BsYW50YS1kZS1zYWxlcy0wMS5qcGciLCJzbGlkZXNob3ciOiJlMmVlY2FmIn0%3D\" href=\"http:\/\/www.leones-sa.com\/wp-content\/uploads\/2019\/08\/planta-de-sales-01.jpg\"><figure class=\"swiper-slide-inner\"><img decoding=\"async\" class=\"swiper-slide-image\" src=\"http:\/\/www.leones-sa.com\/wp-content\/uploads\/2019\/08\/planta-de-sales-01.jpg\" alt=\"planta-de-sales-01\" \/><\/figure><\/a><\/div><div class=\"swiper-slide\" role=\"group\" aria-roledescription=\"slide\" aria-label=\"4 of 8\"><a data-elementor-open-lightbox=\"yes\" data-elementor-lightbox-slideshow=\"e2eecaf\" data-elementor-lightbox-title=\"planta-de-sales-04\" data-e-action-hash=\"#elementor-action%3Aaction%3Dlightbox%26settings%3DeyJpZCI6NTU1LCJ1cmwiOiJodHRwOlwvXC93d3cubGVvbmVzLXNhLmNvbVwvd3AtY29udGVudFwvdXBsb2Fkc1wvMjAxOVwvMDhcL3BsYW50YS1kZS1zYWxlcy0wNC5qcGciLCJzbGlkZXNob3ciOiJlMmVlY2FmIn0%3D\" href=\"http:\/\/www.leones-sa.com\/wp-content\/uploads\/2019\/08\/planta-de-sales-04.jpg\"><figure class=\"swiper-slide-inner\"><img decoding=\"async\" class=\"swiper-slide-image\" src=\"http:\/\/www.leones-sa.com\/wp-content\/uploads\/2019\/08\/planta-de-sales-04.jpg\" alt=\"planta-de-sales-04\" \/><\/figure><\/a><\/div><div class=\"swiper-slide\" role=\"group\" aria-roledescription=\"slide\" aria-label=\"5 of 8\"><a data-elementor-open-lightbox=\"yes\" data-elementor-lightbox-slideshow=\"e2eecaf\" data-elementor-lightbox-title=\"planta-de-sales-05\" data-e-action-hash=\"#elementor-action%3Aaction%3Dlightbox%26settings%3DeyJpZCI6NjAxLCJ1cmwiOiJodHRwOlwvXC93d3cubGVvbmVzLXNhLmNvbVwvd3AtY29udGVudFwvdXBsb2Fkc1wvMjAxOVwvMDhcL3BsYW50YS1kZS1zYWxlcy0wNS5qcGciLCJzbGlkZXNob3ciOiJlMmVlY2FmIn0%3D\" href=\"http:\/\/www.leones-sa.com\/wp-content\/uploads\/2019\/08\/planta-de-sales-05.jpg\"><figure class=\"swiper-slide-inner\"><img decoding=\"async\" class=\"swiper-slide-image\" src=\"http:\/\/www.leones-sa.com\/wp-content\/uploads\/2019\/08\/planta-de-sales-05.jpg\" alt=\"planta-de-sales-05\" \/><\/figure><\/a><\/div><div class=\"swiper-slide\" role=\"group\" aria-roledescription=\"slide\" aria-label=\"6 of 8\"><a data-elementor-open-lightbox=\"yes\" data-elementor-lightbox-slideshow=\"e2eecaf\" data-elementor-lightbox-title=\"planta-de-sales-06\" data-e-action-hash=\"#elementor-action%3Aaction%3Dlightbox%26settings%3DeyJpZCI6NjAyLCJ1cmwiOiJodHRwOlwvXC93d3cubGVvbmVzLXNhLmNvbVwvd3AtY29udGVudFwvdXBsb2Fkc1wvMjAxOVwvMDhcL3BsYW50YS1kZS1zYWxlcy0wNi5qcGciLCJzbGlkZXNob3ciOiJlMmVlY2FmIn0%3D\" href=\"http:\/\/www.leones-sa.com\/wp-content\/uploads\/2019\/08\/planta-de-sales-06.jpg\"><figure class=\"swiper-slide-inner\"><img decoding=\"async\" class=\"swiper-slide-image\" src=\"http:\/\/www.leones-sa.com\/wp-content\/uploads\/2019\/08\/planta-de-sales-06.jpg\" alt=\"planta-de-sales-06\" \/><\/figure><\/a><\/div><div class=\"swiper-slide\" role=\"group\" aria-roledescription=\"slide\" aria-label=\"7 of 8\"><a data-elementor-open-lightbox=\"yes\" data-elementor-lightbox-slideshow=\"e2eecaf\" data-elementor-lightbox-title=\"planta-de-sales-07\" data-e-action-hash=\"#elementor-action%3Aaction%3Dlightbox%26settings%3DeyJpZCI6NjAzLCJ1cmwiOiJodHRwOlwvXC93d3cubGVvbmVzLXNhLmNvbVwvd3AtY29udGVudFwvdXBsb2Fkc1wvMjAxOVwvMDhcL3BsYW50YS1kZS1zYWxlcy0wNy5qcGciLCJzbGlkZXNob3ciOiJlMmVlY2FmIn0%3D\" href=\"http:\/\/www.leones-sa.com\/wp-content\/uploads\/2019\/08\/planta-de-sales-07.jpg\"><figure class=\"swiper-slide-inner\"><img decoding=\"async\" class=\"swiper-slide-image\" src=\"http:\/\/www.leones-sa.com\/wp-content\/uploads\/2019\/08\/planta-de-sales-07.jpg\" alt=\"planta-de-sales-07\" \/><\/figure><\/a><\/div><div class=\"swiper-slide\" role=\"group\" aria-roledescription=\"slide\" aria-label=\"8 of 8\"><a data-elementor-open-lightbox=\"yes\" data-elementor-lightbox-slideshow=\"e2eecaf\" data-elementor-lightbox-title=\"planta-de-sales-08\" data-e-action-hash=\"#elementor-action%3Aaction%3Dlightbox%26settings%3DeyJpZCI6NjA0LCJ1cmwiOiJodHRwOlwvXC93d3cubGVvbmVzLXNhLmNvbVwvd3AtY29udGVudFwvdXBsb2Fkc1wvMjAxOVwvMDhcL3BsYW50YS1kZS1zYWxlcy0wOC5qcGciLCJzbGlkZXNob3ciOiJlMmVlY2FmIn0%3D\" href=\"http:\/\/www.leones-sa.com\/wp-content\/uploads\/2019\/08\/planta-de-sales-08.jpg\"><figure class=\"swiper-slide-inner\"><img decoding=\"async\" class=\"swiper-slide-image\" src=\"http:\/\/www.leones-sa.com\/wp-content\/uploads\/2019\/08\/planta-de-sales-08.jpg\" alt=\"planta-de-sales-08\" \/><\/figure><\/a><\/div>\t\t\t<\/div>\n\t\t\t\t\t\t\t\t\t\t\t\t<div class=\"elementor-swiper-button elementor-swiper-button-prev\" role=\"button\" tabindex=\"0\">\n\t\t\t\t\t\t<i aria-hidden=\"true\" class=\"eicon-chevron-left\"><\/i>\t\t\t\t\t<\/div>\n\t\t\t\t\t<div class=\"elementor-swiper-button elementor-swiper-button-next\" role=\"button\" tabindex=\"0\">\n\t\t\t\t\t\t<i aria-hidden=\"true\" class=\"eicon-chevron-right\"><\/i>\t\t\t\t\t<\/div>\n\t\t\t\t\n\t\t\t\t\t\t\t\t\t<div class=\"swiper-pagination\"><\/div>\n\t\t\t\t\t\t\t\t\t<\/div>\n\t\t\t\t\t\t<\/div>\n\t\t\t\t<\/div>\n\t\t\t\t<div class=\"elementor-element elementor-element-64e51ff elementor-widget elementor-widget-spacer\" data-id=\"64e51ff\" data-element_type=\"widget\" data-e-type=\"widget\" data-widget_type=\"spacer.default\">\n\t\t\t\t<div class=\"elementor-widget-container\">\n\t\t\t\t\t\t\t<div class=\"elementor-spacer\">\n\t\t\t<div class=\"elementor-spacer-inner\"><\/div>\n\t\t<\/div>\n\t\t\t\t\t\t<\/div>\n\t\t\t\t<\/div>\n\t\t\t\t\t<\/div>\n\t\t<\/div>\n\t\t\t\t\t<\/div>\n\t\t<\/section>\n\t\t\t\t<\/div>\n\t\t","protected":false},"excerpt":{"rendered":"<p>Esta moderna planta se encuentra equipada con tecnolog\u00eda apropiada para dar precisi\u00f3n y confiabilidad a las mezclas de minerales y aditivos destinados a balancear dietas&hellip;<\/p>\n","protected":false},"author":4,"featured_media":0,"parent":0,"menu_order":0,"comment_status":"closed","ping_status":"closed","template":"","meta":{"footnotes":""},"class_list":["post-22","page","type-page","status-publish","hentry"],"_links":{"self":[{"href":"http:\/\/www.leones-sa.com\/index.php\/wp-json\/wp\/v2\/pages\/22","targetHints":{"allow":["GET"]}}],"collection":[{"href":"http:\/\/www.leones-sa.com\/index.php\/wp-json\/wp\/v2\/pages"}],"about":[{"href":"http:\/\/www.leones-sa.com\/index.php\/wp-json\/wp\/v2\/types\/page"}],"author":[{"embeddable":true,"href":"http:\/\/www.leones-sa.com\/index.php\/wp-json\/wp\/v2\/users\/4"}],"replies":[{"embeddable":true,"href":"http:\/\/www.leones-sa.com\/index.php\/wp-json\/wp\/v2\/comments?post=22"}],"version-history":[{"count":20,"href":"http:\/\/www.leones-sa.com\/index.php\/wp-json\/wp\/v2\/pages\/22\/revisions"}],"predecessor-version":[{"id":647,"href":"http:\/\/www.leones-sa.com\/index.php\/wp-json\/wp\/v2\/pages\/22\/revisions\/647"}],"wp:attachment":[{"href":"http:\/\/www.leones-sa.com\/index.php\/wp-json\/wp\/v2\/media?parent=22"}],"curies":[{"name":"wp","href":"https:\/\/api.w.org\/{rel}","templated":true}]}}