{"id":24,"date":"2019-05-28T16:19:30","date_gmt":"2019-05-28T19:19:30","guid":{"rendered":"http:\/\/www.leones-sa.com\/?page_id=24"},"modified":"2019-09-02T13:23:02","modified_gmt":"2019-09-02T16:23:02","slug":"asesoramiento-y-venta-de-insumos","status":"publish","type":"page","link":"http:\/\/www.leones-sa.com\/index.php\/asesoramiento-y-venta-de-insumos\/","title":{"rendered":"Asesoramiento y Venta de Semillas y Agroqu\u00edmicos"},"content":{"rendered":"\t\t<div data-elementor-type=\"wp-post\" data-elementor-id=\"24\" class=\"elementor elementor-24\">\n\t\t\t\t\t\t<section class=\"elementor-section elementor-top-section elementor-element elementor-element-24ae722 elementor-section-boxed elementor-section-height-default elementor-section-height-default\" data-id=\"24ae722\" data-element_type=\"section\" data-e-type=\"section\">\n\t\t\t\t\t\t<div class=\"elementor-container elementor-column-gap-default\">\n\t\t\t\t\t<div class=\"elementor-column elementor-col-100 elementor-top-column elementor-element elementor-element-60f5205\" data-id=\"60f5205\" data-element_type=\"column\" data-e-type=\"column\">\n\t\t\t<div class=\"elementor-widget-wrap elementor-element-populated\">\n\t\t\t\t\t\t\t<\/div>\n\t\t<\/div>\n\t\t\t\t\t<\/div>\n\t\t<\/section>\n\t\t\t\t<section class=\"elementor-section elementor-top-section elementor-element elementor-element-d691a1e elementor-section-boxed elementor-section-height-default elementor-section-height-default\" data-id=\"d691a1e\" data-element_type=\"section\" data-e-type=\"section\">\n\t\t\t\t\t\t<div class=\"elementor-container elementor-column-gap-default\">\n\t\t\t\t\t<div class=\"elementor-column elementor-col-100 elementor-top-column elementor-element elementor-element-3e71c4e\" data-id=\"3e71c4e\" data-element_type=\"column\" data-e-type=\"column\">\n\t\t\t<div class=\"elementor-widget-wrap elementor-element-populated\">\n\t\t\t\t\t\t<div class=\"elementor-element elementor-element-9e6a1c9 elementor-widget elementor-widget-text-editor\" data-id=\"9e6a1c9\" data-element_type=\"widget\" data-e-type=\"widget\" data-widget_type=\"text-editor.default\">\n\t\t\t\t<div class=\"elementor-widget-container\">\n\t\t\t\t\t\t\t\t\t<p>Desde nuestros inicios en Vicu\u00f1a Mackenna brindamos el servicio de VENTAS de Insumos para la Agricultura y Servicio de Asesoramiento a trav\u00e9s de nuestros ingenieros y equipo comercial, acompa\u00f1ando al productor en cada decisi\u00f3n estrat\u00e9gica que afecte el resultado de sus cultivares.<\/p><h4 class=\"widget-title\"><span style=\"color: #96040b;\">Comercializamos toda la l\u00ednea de semillas y agroqu\u00edmicos representando a las m\u00e1s prestigiosas marcas del mercado.<\/span><\/h4>\t\t\t\t\t\t\t\t<\/div>\n\t\t\t\t<\/div>\n\t\t\t\t\t<\/div>\n\t\t<\/div>\n\t\t\t\t\t<\/div>\n\t\t<\/section>\n\t\t\t\t<section class=\"elementor-section elementor-top-section elementor-element elementor-element-927f140 elementor-section-boxed elementor-section-height-default elementor-section-height-default\" data-id=\"927f140\" data-element_type=\"section\" data-e-type=\"section\">\n\t\t\t\t\t\t<div class=\"elementor-container elementor-column-gap-default\">\n\t\t\t\t\t<div class=\"elementor-column elementor-col-50 elementor-top-column elementor-element elementor-element-eb09445\" data-id=\"eb09445\" data-element_type=\"column\" data-e-type=\"column\">\n\t\t\t<div class=\"elementor-widget-wrap elementor-element-populated\">\n\t\t\t\t\t\t<div class=\"elementor-element elementor-element-3868548 elementor-widget elementor-widget-text-editor\" data-id=\"3868548\" data-element_type=\"widget\" data-e-type=\"widget\" data-widget_type=\"text-editor.default\">\n\t\t\t\t<div class=\"elementor-widget-container\">\n\t\t\t\t\t\t\t\t\t<ul><li>Representantes de KWS Semillas.<\/li><li>Comercio vinculado Monsanto.<\/li><li>Distribuidor de productos Nufarm.<\/li><li>Fugicidas e inoculantes de la l\u00ednea Basf.<\/li><li>Distribuidor de silo bolsa Ipesa.<\/li><li>Distribuidor de productos Summit Agro.<\/li><li>Distribuidor de silo bolsa Ipesa.<\/li><li>Distribuidor de silo bolsa Ipesa.<\/li><\/ul><div>Adem\u00e1s, brindamos servicio de asesoramiento profesional y servicio de log\u00edstica y distribuci\u00f3n de insumos.<br \/><br \/>Ofrecemos planta de curado e inoculado profesional de semillas y dep\u00f3sito de agroqu\u00edmicos certificado por normas CASAFE Categor\u00eda A.<\/div>\t\t\t\t\t\t\t\t<\/div>\n\t\t\t\t<\/div>\n\t\t\t\t\t<\/div>\n\t\t<\/div>\n\t\t\t\t<div class=\"elementor-column elementor-col-50 elementor-top-column elementor-element elementor-element-41c3c72\" data-id=\"41c3c72\" data-element_type=\"column\" data-e-type=\"column\">\n\t\t\t<div class=\"elementor-widget-wrap elementor-element-populated\">\n\t\t\t\t\t\t<div class=\"elementor-element elementor-element-ef87c92 elementor-widget elementor-widget-image\" data-id=\"ef87c92\" data-element_type=\"widget\" data-e-type=\"widget\" data-widget_type=\"image.default\">\n\t\t\t\t<div class=\"elementor-widget-container\">\n\t\t\t\t\t\t\t\t\t\t\t\t\t\t\t<img fetchpriority=\"high\" decoding=\"async\" width=\"1200\" height=\"900\" src=\"http:\/\/www.leones-sa.com\/wp-content\/uploads\/2019\/08\/productos-leones-de-bleek.jpg\" class=\"attachment-full size-full wp-image-510\" alt=\"\" srcset=\"http:\/\/www.leones-sa.com\/wp-content\/uploads\/2019\/08\/productos-leones-de-bleek.jpg 1200w, http:\/\/www.leones-sa.com\/wp-content\/uploads\/2019\/08\/productos-leones-de-bleek-300x225.jpg 300w, http:\/\/www.leones-sa.com\/wp-content\/uploads\/2019\/08\/productos-leones-de-bleek-768x576.jpg 768w, http:\/\/www.leones-sa.com\/wp-content\/uploads\/2019\/08\/productos-leones-de-bleek-1024x768.jpg 1024w\" sizes=\"(max-width: 1200px) 100vw, 1200px\" \/>\t\t\t\t\t\t\t\t\t\t\t\t\t\t\t<\/div>\n\t\t\t\t<\/div>\n\t\t\t\t\t<\/div>\n\t\t<\/div>\n\t\t\t\t\t<\/div>\n\t\t<\/section>\n\t\t\t\t<section class=\"elementor-section elementor-top-section elementor-element elementor-element-5e51328 elementor-section-boxed elementor-section-height-default elementor-section-height-default\" data-id=\"5e51328\" data-element_type=\"section\" data-e-type=\"section\">\n\t\t\t\t\t\t<div class=\"elementor-container elementor-column-gap-default\">\n\t\t\t\t\t<div class=\"elementor-column elementor-col-100 elementor-top-column elementor-element elementor-element-7252a93\" data-id=\"7252a93\" data-element_type=\"column\" data-e-type=\"column\">\n\t\t\t<div class=\"elementor-widget-wrap elementor-element-populated\">\n\t\t\t\t\t\t<div class=\"elementor-element elementor-element-bfd192b elementor-widget-divider--view-line elementor-widget elementor-widget-divider\" data-id=\"bfd192b\" data-element_type=\"widget\" data-e-type=\"widget\" data-widget_type=\"divider.default\">\n\t\t\t\t<div class=\"elementor-widget-container\">\n\t\t\t\t\t\t\t<div class=\"elementor-divider\">\n\t\t\t<span class=\"elementor-divider-separator\">\n\t\t\t\t\t\t<\/span>\n\t\t<\/div>\n\t\t\t\t\t\t<\/div>\n\t\t\t\t<\/div>\n\t\t\t\t<div class=\"elementor-element elementor-element-4da746e elementor-arrows-position-inside elementor-pagination-position-outside elementor-widget elementor-widget-image-carousel\" data-id=\"4da746e\" data-element_type=\"widget\" data-e-type=\"widget\" data-settings=\"{&quot;navigation&quot;:&quot;both&quot;,&quot;autoplay&quot;:&quot;yes&quot;,&quot;pause_on_hover&quot;:&quot;yes&quot;,&quot;pause_on_interaction&quot;:&quot;yes&quot;,&quot;autoplay_speed&quot;:5000,&quot;infinite&quot;:&quot;yes&quot;,&quot;speed&quot;:500}\" data-widget_type=\"image-carousel.default\">\n\t\t\t\t<div class=\"elementor-widget-container\">\n\t\t\t\t\t\t\t<div class=\"elementor-image-carousel-wrapper swiper\" role=\"region\" aria-roledescription=\"carousel\" aria-label=\"Carrusel de im\u00e1genes\" dir=\"ltr\">\n\t\t\t<div class=\"elementor-image-carousel swiper-wrapper\" aria-live=\"off\">\n\t\t\t\t\t\t\t\t<div class=\"swiper-slide\" role=\"group\" aria-roledescription=\"slide\" aria-label=\"1 of 9\"><a data-elementor-open-lightbox=\"yes\" data-elementor-lightbox-slideshow=\"4da746e\" data-elementor-lightbox-title=\"ventas-003\" data-e-action-hash=\"#elementor-action%3Aaction%3Dlightbox%26settings%3DeyJpZCI6NTQ4LCJ1cmwiOiJodHRwOlwvXC93d3cubGVvbmVzLXNhLmNvbVwvd3AtY29udGVudFwvdXBsb2Fkc1wvMjAxOVwvMDhcL3ZlbnRhcy0wMDMuanBnIiwic2xpZGVzaG93IjoiNGRhNzQ2ZSJ9\" href=\"http:\/\/www.leones-sa.com\/wp-content\/uploads\/2019\/08\/ventas-003.jpg\"><figure class=\"swiper-slide-inner\"><img decoding=\"async\" class=\"swiper-slide-image\" src=\"http:\/\/www.leones-sa.com\/wp-content\/uploads\/2019\/08\/ventas-003.jpg\" alt=\"ventas-003\" \/><\/figure><\/a><\/div><div class=\"swiper-slide\" role=\"group\" aria-roledescription=\"slide\" aria-label=\"2 of 9\"><a data-elementor-open-lightbox=\"yes\" data-elementor-lightbox-slideshow=\"4da746e\" data-elementor-lightbox-title=\"ventas-002\" data-e-action-hash=\"#elementor-action%3Aaction%3Dlightbox%26settings%3DeyJpZCI6NTQ3LCJ1cmwiOiJodHRwOlwvXC93d3cubGVvbmVzLXNhLmNvbVwvd3AtY29udGVudFwvdXBsb2Fkc1wvMjAxOVwvMDhcL3ZlbnRhcy0wMDIuanBnIiwic2xpZGVzaG93IjoiNGRhNzQ2ZSJ9\" href=\"http:\/\/www.leones-sa.com\/wp-content\/uploads\/2019\/08\/ventas-002.jpg\"><figure class=\"swiper-slide-inner\"><img decoding=\"async\" class=\"swiper-slide-image\" src=\"http:\/\/www.leones-sa.com\/wp-content\/uploads\/2019\/08\/ventas-002.jpg\" alt=\"ventas-002\" \/><\/figure><\/a><\/div><div class=\"swiper-slide\" role=\"group\" aria-roledescription=\"slide\" aria-label=\"3 of 9\"><a data-elementor-open-lightbox=\"yes\" data-elementor-lightbox-slideshow=\"4da746e\" data-elementor-lightbox-title=\"ventas-001\" data-e-action-hash=\"#elementor-action%3Aaction%3Dlightbox%26settings%3DeyJpZCI6NTQ2LCJ1cmwiOiJodHRwOlwvXC93d3cubGVvbmVzLXNhLmNvbVwvd3AtY29udGVudFwvdXBsb2Fkc1wvMjAxOVwvMDhcL3ZlbnRhcy0wMDEuanBnIiwic2xpZGVzaG93IjoiNGRhNzQ2ZSJ9\" href=\"http:\/\/www.leones-sa.com\/wp-content\/uploads\/2019\/08\/ventas-001.jpg\"><figure class=\"swiper-slide-inner\"><img decoding=\"async\" class=\"swiper-slide-image\" src=\"http:\/\/www.leones-sa.com\/wp-content\/uploads\/2019\/08\/ventas-001.jpg\" alt=\"ventas-001\" \/><\/figure><\/a><\/div><div class=\"swiper-slide\" role=\"group\" aria-roledescription=\"slide\" aria-label=\"4 of 9\"><a data-elementor-open-lightbox=\"yes\" data-elementor-lightbox-slideshow=\"4da746e\" data-elementor-lightbox-title=\"ventas-004\" data-e-action-hash=\"#elementor-action%3Aaction%3Dlightbox%26settings%3DeyJpZCI6NTQ5LCJ1cmwiOiJodHRwOlwvXC93d3cubGVvbmVzLXNhLmNvbVwvd3AtY29udGVudFwvdXBsb2Fkc1wvMjAxOVwvMDhcL3ZlbnRhcy0wMDQuanBnIiwic2xpZGVzaG93IjoiNGRhNzQ2ZSJ9\" href=\"http:\/\/www.leones-sa.com\/wp-content\/uploads\/2019\/08\/ventas-004.jpg\"><figure class=\"swiper-slide-inner\"><img decoding=\"async\" class=\"swiper-slide-image\" src=\"http:\/\/www.leones-sa.com\/wp-content\/uploads\/2019\/08\/ventas-004.jpg\" alt=\"ventas-004\" \/><\/figure><\/a><\/div><div class=\"swiper-slide\" role=\"group\" aria-roledescription=\"slide\" aria-label=\"5 of 9\"><a data-elementor-open-lightbox=\"yes\" data-elementor-lightbox-slideshow=\"4da746e\" data-elementor-lightbox-title=\"ventas-005\" data-e-action-hash=\"#elementor-action%3Aaction%3Dlightbox%26settings%3DeyJpZCI6NjA3LCJ1cmwiOiJodHRwOlwvXC93d3cubGVvbmVzLXNhLmNvbVwvd3AtY29udGVudFwvdXBsb2Fkc1wvMjAxOVwvMDhcL3ZlbnRhcy0wMDUuanBnIiwic2xpZGVzaG93IjoiNGRhNzQ2ZSJ9\" href=\"http:\/\/www.leones-sa.com\/wp-content\/uploads\/2019\/08\/ventas-005.jpg\"><figure class=\"swiper-slide-inner\"><img decoding=\"async\" class=\"swiper-slide-image\" src=\"http:\/\/www.leones-sa.com\/wp-content\/uploads\/2019\/08\/ventas-005.jpg\" alt=\"ventas-005\" \/><\/figure><\/a><\/div><div class=\"swiper-slide\" role=\"group\" aria-roledescription=\"slide\" aria-label=\"6 of 9\"><a data-elementor-open-lightbox=\"yes\" data-elementor-lightbox-slideshow=\"4da746e\" data-elementor-lightbox-title=\"ventas-007\" data-e-action-hash=\"#elementor-action%3Aaction%3Dlightbox%26settings%3DeyJpZCI6NjA5LCJ1cmwiOiJodHRwOlwvXC93d3cubGVvbmVzLXNhLmNvbVwvd3AtY29udGVudFwvdXBsb2Fkc1wvMjAxOVwvMDhcL3ZlbnRhcy0wMDcuanBnIiwic2xpZGVzaG93IjoiNGRhNzQ2ZSJ9\" href=\"http:\/\/www.leones-sa.com\/wp-content\/uploads\/2019\/08\/ventas-007.jpg\"><figure class=\"swiper-slide-inner\"><img decoding=\"async\" class=\"swiper-slide-image\" src=\"http:\/\/www.leones-sa.com\/wp-content\/uploads\/2019\/08\/ventas-007.jpg\" alt=\"ventas-007\" \/><\/figure><\/a><\/div><div class=\"swiper-slide\" role=\"group\" aria-roledescription=\"slide\" aria-label=\"7 of 9\"><a data-elementor-open-lightbox=\"yes\" data-elementor-lightbox-slideshow=\"4da746e\" data-elementor-lightbox-title=\"ventas-006\" data-e-action-hash=\"#elementor-action%3Aaction%3Dlightbox%26settings%3DeyJpZCI6NjA4LCJ1cmwiOiJodHRwOlwvXC93d3cubGVvbmVzLXNhLmNvbVwvd3AtY29udGVudFwvdXBsb2Fkc1wvMjAxOVwvMDhcL3ZlbnRhcy0wMDYuanBnIiwic2xpZGVzaG93IjoiNGRhNzQ2ZSJ9\" href=\"http:\/\/www.leones-sa.com\/wp-content\/uploads\/2019\/08\/ventas-006.jpg\"><figure class=\"swiper-slide-inner\"><img decoding=\"async\" class=\"swiper-slide-image\" src=\"http:\/\/www.leones-sa.com\/wp-content\/uploads\/2019\/08\/ventas-006.jpg\" alt=\"ventas-006\" \/><\/figure><\/a><\/div><div class=\"swiper-slide\" role=\"group\" aria-roledescription=\"slide\" aria-label=\"8 of 9\"><a data-elementor-open-lightbox=\"yes\" data-elementor-lightbox-slideshow=\"4da746e\" data-elementor-lightbox-title=\"ventas-008\" data-e-action-hash=\"#elementor-action%3Aaction%3Dlightbox%26settings%3DeyJpZCI6NjEwLCJ1cmwiOiJodHRwOlwvXC93d3cubGVvbmVzLXNhLmNvbVwvd3AtY29udGVudFwvdXBsb2Fkc1wvMjAxOVwvMDhcL3ZlbnRhcy0wMDguanBnIiwic2xpZGVzaG93IjoiNGRhNzQ2ZSJ9\" href=\"http:\/\/www.leones-sa.com\/wp-content\/uploads\/2019\/08\/ventas-008.jpg\"><figure class=\"swiper-slide-inner\"><img decoding=\"async\" class=\"swiper-slide-image\" src=\"http:\/\/www.leones-sa.com\/wp-content\/uploads\/2019\/08\/ventas-008.jpg\" alt=\"ventas-008\" \/><\/figure><\/a><\/div><div class=\"swiper-slide\" role=\"group\" aria-roledescription=\"slide\" aria-label=\"9 of 9\"><a data-elementor-open-lightbox=\"yes\" data-elementor-lightbox-slideshow=\"4da746e\" data-elementor-lightbox-title=\"ventas-009\" data-e-action-hash=\"#elementor-action%3Aaction%3Dlightbox%26settings%3DeyJpZCI6NjExLCJ1cmwiOiJodHRwOlwvXC93d3cubGVvbmVzLXNhLmNvbVwvd3AtY29udGVudFwvdXBsb2Fkc1wvMjAxOVwvMDhcL3ZlbnRhcy0wMDkuanBnIiwic2xpZGVzaG93IjoiNGRhNzQ2ZSJ9\" href=\"http:\/\/www.leones-sa.com\/wp-content\/uploads\/2019\/08\/ventas-009.jpg\"><figure class=\"swiper-slide-inner\"><img decoding=\"async\" class=\"swiper-slide-image\" src=\"http:\/\/www.leones-sa.com\/wp-content\/uploads\/2019\/08\/ventas-009.jpg\" alt=\"ventas-009\" \/><\/figure><\/a><\/div>\t\t\t<\/div>\n\t\t\t\t\t\t\t\t\t\t\t\t<div class=\"elementor-swiper-button elementor-swiper-button-prev\" role=\"button\" tabindex=\"0\">\n\t\t\t\t\t\t<i aria-hidden=\"true\" class=\"eicon-chevron-left\"><\/i>\t\t\t\t\t<\/div>\n\t\t\t\t\t<div class=\"elementor-swiper-button elementor-swiper-button-next\" role=\"button\" tabindex=\"0\">\n\t\t\t\t\t\t<i aria-hidden=\"true\" class=\"eicon-chevron-right\"><\/i>\t\t\t\t\t<\/div>\n\t\t\t\t\n\t\t\t\t\t\t\t\t\t<div class=\"swiper-pagination\"><\/div>\n\t\t\t\t\t\t\t\t\t<\/div>\n\t\t\t\t\t\t<\/div>\n\t\t\t\t<\/div>\n\t\t\t\t<div class=\"elementor-element elementor-element-520b577 elementor-widget elementor-widget-spacer\" data-id=\"520b577\" data-element_type=\"widget\" data-e-type=\"widget\" data-widget_type=\"spacer.default\">\n\t\t\t\t<div class=\"elementor-widget-container\">\n\t\t\t\t\t\t\t<div class=\"elementor-spacer\">\n\t\t\t<div class=\"elementor-spacer-inner\"><\/div>\n\t\t<\/div>\n\t\t\t\t\t\t<\/div>\n\t\t\t\t<\/div>\n\t\t\t\t\t<\/div>\n\t\t<\/div>\n\t\t\t\t\t<\/div>\n\t\t<\/section>\n\t\t\t\t<\/div>\n\t\t","protected":false},"excerpt":{"rendered":"<p>Desde nuestros inicios en Vicu\u00f1a Mackenna brindamos el servicio de VENTAS de Insumos para la Agricultura y Servicio de Asesoramiento a trav\u00e9s de nuestros ingenieros&hellip;<\/p>\n","protected":false},"author":4,"featured_media":0,"parent":0,"menu_order":0,"comment_status":"closed","ping_status":"closed","template":"","meta":{"footnotes":""},"class_list":["post-24","page","type-page","status-publish","hentry"],"_links":{"self":[{"href":"http:\/\/www.leones-sa.com\/index.php\/wp-json\/wp\/v2\/pages\/24","targetHints":{"allow":["GET"]}}],"collection":[{"href":"http:\/\/www.leones-sa.com\/index.php\/wp-json\/wp\/v2\/pages"}],"about":[{"href":"http:\/\/www.leones-sa.com\/index.php\/wp-json\/wp\/v2\/types\/page"}],"author":[{"embeddable":true,"href":"http:\/\/www.leones-sa.com\/index.php\/wp-json\/wp\/v2\/users\/4"}],"replies":[{"embeddable":true,"href":"http:\/\/www.leones-sa.com\/index.php\/wp-json\/wp\/v2\/comments?post=24"}],"version-history":[{"count":24,"href":"http:\/\/www.leones-sa.com\/index.php\/wp-json\/wp\/v2\/pages\/24\/revisions"}],"predecessor-version":[{"id":648,"href":"http:\/\/www.leones-sa.com\/index.php\/wp-json\/wp\/v2\/pages\/24\/revisions\/648"}],"wp:attachment":[{"href":"http:\/\/www.leones-sa.com\/index.php\/wp-json\/wp\/v2\/media?parent=24"}],"curies":[{"name":"wp","href":"https:\/\/api.w.org\/{rel}","templated":true}]}}